{"id":3410,"date":"2024-02-08T12:05:53","date_gmt":"2024-02-08T12:05:53","guid":{"rendered":"https:\/\/startersites.io\/elementor\/garderobe\/?page_id=3410"},"modified":"2026-03-21T12:43:39","modified_gmt":"2026-03-21T12:43:39","slug":"contact","status":"publish","type":"page","link":"https:\/\/biotifullcosmetic.com\/en\/contact\/","title":{"rendered":"CONTACT US"},"content":{"rendered":"\t\t<div data-elementor-type=\"wp-page\" data-elementor-id=\"3410\" class=\"elementor elementor-3410\" data-elementor-post-type=\"page\">\n\t\t\t\t<div class=\"elementor-element elementor-element-ff10563 e-flex e-con-boxed e-con e-parent\" data-id=\"ff10563\" data-element_type=\"container\" data-e-type=\"container\">\n\t\t\t\t\t<div class=\"e-con-inner\">\n\t\t<div class=\"elementor-element elementor-element-e8c4a89 e-con-full e-flex e-con e-child\" data-id=\"e8c4a89\" data-element_type=\"container\" data-e-type=\"container\">\n\t\t<div class=\"elementor-element elementor-element-8ccf232 e-con-full animated-slow e-flex e-con e-child\" data-id=\"8ccf232\" data-element_type=\"container\" data-e-type=\"container\" data-settings=\"{&quot;background_background&quot;:&quot;classic&quot;,&quot;animation&quot;:&quot;none&quot;,&quot;animation_delay&quot;:200}\">\n\t\t\t\t<div class=\"elementor-element elementor-element-368f9f0 elementor-widget elementor-widget-heading\" data-id=\"368f9f0\" data-element_type=\"widget\" data-e-type=\"widget\" data-widget_type=\"heading.default\">\n\t\t\t\t\t<h2 class=\"elementor-heading-title elementor-size-default\">NOS BOUTIQUES<\/h2>\t\t\t\t<\/div>\n\t\t\t\t<div class=\"elementor-element elementor-element-c8e2ec0 elementor-widget elementor-widget-text-editor\" data-id=\"c8e2ec0\" data-element_type=\"widget\" data-e-type=\"widget\" data-widget_type=\"text-editor.default\">\n\t\t\t\t\t\t\t\t\t<p><strong>CAMEROUN\u2028<\/strong><br \/>Douala, Makepe Bloc L, au Carrefour Waka Waka (9h \u00e0 20h sauf le dimanche), Appel\/WhatsApp : \u2028(+237) 688 984 093\u00a0<br \/>Yaound\u00e9, Carrefour MEEC (9h \u00e0 20h sauf le dimanche), Appel\/WhatsApp : (+237) 655 050 204<br \/><strong>C\u00d4TE D\u2019IVOIRE \u2028<\/strong><br \/>Abidjan, Angr\u00e9 8\u00e8me tranche, Appel\/WhatsApp : (+225) 0768029860<br \/><strong>RD CONGO \u2028<\/strong><br \/>Kinshasa, Avenue 8 d\u00e9cembre (9h a 18h), Appel\/WhatsApp : <br \/>(+243) 0890266553<br \/><strong>CONGO<\/strong><br \/>Pointe Noire, Makayabou averda, Appel\/WhatsApp: (+242) 069958457<br \/>Pointe Noire, Tchimbamba arr\u00eat SNE, Appel\/WhatsApp: (+242) 053188186<\/p>\t\t\t\t\t\t\t\t<\/div>\n\t\t\t\t<\/div>\n\t\t<div class=\"elementor-element elementor-element-51b35a9 e-con-full animated-slow e-flex e-con e-child\" data-id=\"51b35a9\" data-element_type=\"container\" data-e-type=\"container\" data-settings=\"{&quot;background_background&quot;:&quot;classic&quot;,&quot;animation&quot;:&quot;none&quot;,&quot;animation_delay&quot;:600}\">\n\t\t\t\t<div class=\"elementor-element elementor-element-eda0935 elementor-widget elementor-widget-heading\" data-id=\"eda0935\" data-element_type=\"widget\" data-e-type=\"widget\" data-widget_type=\"heading.default\">\n\t\t\t\t\t<h2 class=\"elementor-heading-title elementor-size-default\">SERVICES CLIENTS<\/h2>\t\t\t\t<\/div>\n\t\t\t\t<div class=\"elementor-element elementor-element-f67e028 elementor-widget elementor-widget-text-editor\" data-id=\"f67e028\" data-element_type=\"widget\" data-e-type=\"widget\" data-widget_type=\"text-editor.default\">\n\t\t\t\t\t\t\t\t\t<p><span style=\"text-decoration: underline;\">Disponibilit\u00e9:<\/span><br \/>Lundi \u00e0 samedi: 7h-22h<br \/>Dimanche: 11h-18h<\/p><p><span style=\"text-decoration: underline;\">T\u00e9l.:<\/span> (+237) <strong>683 179 829<\/strong><br \/><span style=\"text-decoration: underline;\">Email:<\/span> contact@biotifullcosmetic.com<\/p>\t\t\t\t\t\t\t\t<\/div>\n\t\t\t\t<\/div>\n\t\t\t\t<\/div>\n\t\t<div class=\"elementor-element elementor-element-a592c78 e-con-full e-flex e-con e-child\" data-id=\"a592c78\" data-element_type=\"container\" data-e-type=\"container\">\n\t\t<div class=\"elementor-element elementor-element-c749203 e-con-full animated-slow e-flex e-con e-child\" data-id=\"c749203\" data-element_type=\"container\" data-e-type=\"container\" data-settings=\"{&quot;background_background&quot;:&quot;classic&quot;,&quot;animation&quot;:&quot;none&quot;,&quot;animation_delay&quot;:400}\">\n\t\t\t\t<div class=\"elementor-element elementor-element-533502b elementor-widget elementor-widget-heading\" data-id=\"533502b\" data-element_type=\"widget\" data-e-type=\"widget\" data-widget_type=\"heading.default\">\n\t\t\t\t\t<h2 class=\"elementor-heading-title elementor-size-default\">NOS REPRESENTATIONS<\/h2>\t\t\t\t<\/div>\n\t\t\t\t<div class=\"elementor-element elementor-element-bdcf76d elementor-widget elementor-widget-text-editor\" data-id=\"bdcf76d\" data-element_type=\"widget\" data-e-type=\"widget\" data-widget_type=\"text-editor.default\">\n\t\t\t\t\t\t\t\t\t<p><strong>BENIN<br \/><\/strong>Calavi : +229 66249140<br \/><strong>BURKINA FASO<\/strong><br \/>Ouagadougou : +226 78470050\u00a0<br \/><strong>CONGO<\/strong><br \/>Brazzaville (Rep 1) : +242 069979819<br \/>Brazzaville (Rep 2) : +242 065184139<br \/>Pointe Noire (Rep 1) : +242 053188186<br \/>Pointe Noire (Rep 2) : +242 069958457<br \/><strong>C\u00d4TE D\u2019IVOIRE<\/strong><br \/>Abidjan &#8211; WhatsApp: +225 0708082262<br \/>Abidjan &#8211; Appel : +225 0708515344\u00a0<br \/><strong>GABON<\/strong><br \/>Libreville (Rep 1) : +241 76226520<br \/>Libreville (Rep 2) : +241 76226520<br \/><strong>GUINEE<\/strong>\u2028<br \/>Conakry : +224 620277742<br \/><strong>RD CONGO<\/strong>\u2028<br \/>Kinshasa : +243 903621138<br \/>Lumbumbashi : +243 982854335<br \/><strong>SENEGAL<\/strong><br \/>Dakar : +221 770479264<br \/><strong>TOGO<\/strong><br \/>Lom\u00e9 : +228 98843739<\/p>\t\t\t\t\t\t\t\t<\/div>\n\t\t\t\t<\/div>\n\t\t\t\t<\/div>\n\t\t\t\t\t<\/div>\n\t\t\t\t<\/div>\n\t\t<div class=\"elementor-element elementor-element-9f6a32c e-flex e-con-boxed e-con e-parent\" data-id=\"9f6a32c\" data-element_type=\"container\" data-e-type=\"container\" data-settings=\"{&quot;background_background&quot;:&quot;classic&quot;}\">\n\t\t\t\t\t<div class=\"e-con-inner\">\n\t\t\t\t<div class=\"elementor-element elementor-element-ccb0fe7 elementor-widget elementor-widget-heading\" data-id=\"ccb0fe7\" data-element_type=\"widget\" data-e-type=\"widget\" data-widget_type=\"heading.default\">\n\t\t\t\t\t<h1 class=\"elementor-heading-title elementor-size-default\">Laissez nous un message<\/h1>\t\t\t\t<\/div>\n\t\t<div class=\"elementor-element elementor-element-e2d2276 e-con-full e-flex e-con e-child\" data-id=\"e2d2276\" data-element_type=\"container\" data-e-type=\"container\">\n\t\t\t\t<div class=\"elementor-element elementor-element-9b6a872 elementor-widget elementor-widget-wpforms\" data-id=\"9b6a872\" data-element_type=\"widget\" data-e-type=\"widget\" data-widget_type=\"wpforms.default\">\n\t\t\t\t<div class=\"elementor-widget-container\">\n\t\t\t\t\t<div class=\"wpforms-container wpforms-render-modern\" id=\"wpforms-156\"><form id=\"wpforms-form-156\" class=\"wpforms-validate wpforms-form\" data-formid=\"156\" method=\"post\" enctype=\"multipart\/form-data\" action=\"\/en\/wp-json\/wp\/v2\/pages\/3410\" data-token=\"ca383ec2006a019741c87bcea5234760\" data-token-time=\"1777053369\"><noscript class=\"wpforms-error-noscript\">Please enable JavaScript in your browser to complete this form.<\/noscript><div id=\"wpforms-error-noscript\" style=\"display: none;\">Please enable JavaScript in your browser to complete this form.<\/div><div class=\"wpforms-field-container\"><div id=\"wpforms-156-field_0-container\" class=\"wpforms-field wpforms-field-name\" data-field-id=\"0\"><fieldset><legend class=\"wpforms-field-label wpforms-label-hide\" aria-hidden=\"false\">Name <span class=\"wpforms-required-label\" aria-hidden=\"true\">*<\/span><\/legend><div class=\"wpforms-field-row wpforms-field-large\"><div class=\"wpforms-field-row-block wpforms-first wpforms-one-half\"><input type=\"text\" id=\"wpforms-156-field_0\" class=\"wpforms-field-name-first wpforms-field-required\" name=\"wpforms[fields][0][first]\" placeholder=\"Noms\" aria-errormessage=\"wpforms-156-field_0-error\" required><label for=\"wpforms-156-field_0\" class=\"wpforms-field-sublabel after wpforms-sublabel-hide\">First<\/label><\/div><div class=\"wpforms-field-row-block wpforms-one-half\"><input type=\"text\" id=\"wpforms-156-field_0-last\" class=\"wpforms-field-name-last wpforms-field-required\" name=\"wpforms[fields][0][last]\" placeholder=\"Pr\u00e9noms\" aria-errormessage=\"wpforms-156-field_0-last-error\" required><label for=\"wpforms-156-field_0-last\" class=\"wpforms-field-sublabel after wpforms-sublabel-hide\">Last<\/label><\/div><\/div><\/fieldset><\/div><div id=\"wpforms-156-field_4-container\" class=\"wpforms-field wpforms-field-text\" data-field-id=\"4\"><label class=\"wpforms-field-label wpforms-label-hide\" for=\"wpforms-156-field_4\" aria-hidden=\"false\">Phone <span class=\"wpforms-required-label\" aria-hidden=\"true\">*<\/span><\/label><input type=\"text\" id=\"wpforms-156-field_4\" class=\"wpforms-field-large wpforms-field-required\" name=\"wpforms[fields][4]\" placeholder=\"Num\u00e9ro de t\u00e9l\u00e9phone\" aria-errormessage=\"wpforms-156-field_4-error\" required><\/div><div id=\"wpforms-156-field_1-container\" class=\"wpforms-field wpforms-field-email\" data-field-id=\"1\"><label class=\"wpforms-field-label wpforms-label-hide\" for=\"wpforms-156-field_1\" aria-hidden=\"false\">Email Address <span class=\"wpforms-required-label\" aria-hidden=\"true\">*<\/span><\/label><input type=\"email\" id=\"wpforms-156-field_1\" class=\"wpforms-field-large wpforms-field-required\" name=\"wpforms[fields][1]\" placeholder=\"Adresse email\" spellcheck=\"false\" aria-errormessage=\"wpforms-156-field_1-error\" required><\/div><div id=\"wpforms-156-field_2-container\" class=\"wpforms-field wpforms-field-textarea\" data-field-id=\"2\"><label class=\"wpforms-field-label wpforms-label-hide\" for=\"wpforms-156-field_2\" aria-hidden=\"false\">Your Message <span class=\"wpforms-required-label\" aria-hidden=\"true\">*<\/span><\/label><textarea id=\"wpforms-156-field_2\" class=\"wpforms-field-medium wpforms-field-required\" name=\"wpforms[fields][2]\" placeholder=\"Entrer le message\" aria-errormessage=\"wpforms-156-field_2-error\" required><\/textarea><\/div><\/div><!-- .wpforms-field-container --><div class=\"wpforms-recaptcha-container wpforms-is-recaptcha wpforms-is-recaptcha-type-v2\" ><div class=\"g-recaptcha\" data-sitekey=\"6Lc5e84rAAAAAEutwD6LFGyxXmpRTeSCdb_5SW89\"><\/div><input type=\"text\" name=\"g-recaptcha-hidden\" class=\"wpforms-recaptcha-hidden\" style=\"position:absolute!important;clip:rect(0,0,0,0)!important;height:1px!important;width:1px!important;border:0!important;overflow:hidden!important;padding:0!important;margin:0!important;\" data-rule-recaptcha=\"1\"><\/div><div class=\"wpforms-submit-container\" ><input type=\"hidden\" name=\"wpforms[id]\" value=\"156\"><input type=\"hidden\" name=\"page_title\" value=\"\"><input type=\"hidden\" name=\"page_url\" value=\"https:\/\/biotifullcosmetic.com\/en\/wp-json\/wp\/v2\/pages\/3410\"><input type=\"hidden\" name=\"url_referer\" value=\"\"><button type=\"submit\" name=\"wpforms[submit]\" id=\"wpforms-submit-156\" class=\"wpforms-submit\" data-alt-text=\"Envoie en cours...\" data-submit-text=\"Envoyer\" aria-live=\"assertive\" value=\"wpforms-submit\">Envoyer<\/button><\/div><\/form><\/div>  <!-- .wpforms-container -->\t\t\t\t<\/div>\n\t\t\t\t<\/div>\n\t\t\t\t<\/div>\n\t\t\t\t\t<\/div>\n\t\t\t\t<\/div>\n\t\t\t\t<\/div>\n\t\t","protected":false},"excerpt":{"rendered":"<p>Contact &#8211; A travers nos showrooms, notre service client, nos repr\u00e9sentantes \u00e0 travers le monde ou en laissant un mail.<\/p>","protected":false},"author":1,"featured_media":3643,"parent":0,"menu_order":0,"comment_status":"closed","ping_status":"closed","template":"","meta":{"om_disable_all_campaigns":false,"footnotes":""},"class_list":["post-3410","page","type-page","status-publish","has-post-thumbnail","hentry"],"blocksy_meta":{"has_hero_section":"enabled","vertical_spacing_source":"custom","content_area_spacing":"none","styles_descriptor":{"styles":{"desktop":"[data-prefix=\"single_page\"] .entry-header .page-title {--theme-font-weight:400;--theme-text-transform:capitalize;--theme-font-size:50px;--theme-line-height:1;--theme-heading-color:var(--theme-palette-color-8);} [data-prefix=\"single_page\"] .entry-header .entry-meta {--theme-font-weight:600;--theme-text-transform:uppercase;--theme-font-size:12px;--theme-line-height:1.3;} [data-prefix=\"single_page\"] .entry-header .ct-breadcrumbs {--theme-text-color:var(--theme-palette-color-8);--theme-link-initial-color:var(--theme-palette-color-8);} [data-prefix=\"single_page\"] .hero-section[data-type=\"type-2\"] {background-color:var(--theme-palette-color-6);background-image:none;--container-padding:50px 0px;}","tablet":"[data-prefix=\"single_page\"] .entry-header .page-title {--theme-font-size:40px;}","mobile":"[data-prefix=\"single_page\"] .entry-header .page-title {--theme-font-size:30px;}"},"google_fonts":{"Outfit":["n4","n6"]},"version":6},"hero_section":"type-2","pageTitleFontColor":{"default":{"color":"var(--theme-palette-color-8)"}},"hero_elements":[{"id":"custom_title","enabled":true,"heading_tag":"h1","title":"HOME","__id":"R8m_LdXc7Xl69F-oKZTQH"},{"id":"custom_description","enabled":false,"description_visibility":{"desktop":true,"tablet":true,"mobile":false},"__id":"Gcjpad9rejwi8Ut0nWxc6"},{"id":"custom_meta","enabled":false,"meta_elements":[{"id":"author","enabled":true,"label":"Par","has_author_avatar":"yes","avatar_size":25},{"id":"post_date","enabled":true,"label":"Le","date_format_source":"default","date_format":"M j, Y"},{"id":"updated_date","enabled":false,"label":"Le","date_format_source":"default","date_format":"M j, Y"},{"id":"categories","enabled":false,"label":"Dans","style":"simple"},{"id":"comments","enabled":true}],"page_meta_elements":{"joined":true,"articles_count":true,"comments":true},"__id":"C0WzrvfwBJYXJPXRmLah1"},{"id":"breadcrumbs","enabled":true,"__id":"51ryFc-8H-dEv1_3MEBGM"}],"breadcrumbsFontColor":{"default":{"color":"var(--theme-palette-color-8)"},"initial":{"color":"var(--theme-palette-color-8)"},"hover":{"color":"CT_CSS_SKIP_RULEDEFAULT"}},"pageTitleFont":{"family":"Default","variation":"n4","size":{"desktop":"50px","tablet":"40px","mobile":"30px","__changed":["mobile","tablet"]},"line-height":"1","letter-spacing":"CT_CSS_SKIP_RULE","text-transform":"capitalize","text-decoration":"CT_CSS_SKIP_RULE"}},"aioseo_notices":[],"_links":{"self":[{"href":"https:\/\/biotifullcosmetic.com\/en\/wp-json\/wp\/v2\/pages\/3410","targetHints":{"allow":["GET"]}}],"collection":[{"href":"https:\/\/biotifullcosmetic.com\/en\/wp-json\/wp\/v2\/pages"}],"about":[{"href":"https:\/\/biotifullcosmetic.com\/en\/wp-json\/wp\/v2\/types\/page"}],"author":[{"embeddable":true,"href":"https:\/\/biotifullcosmetic.com\/en\/wp-json\/wp\/v2\/users\/1"}],"replies":[{"embeddable":true,"href":"https:\/\/biotifullcosmetic.com\/en\/wp-json\/wp\/v2\/comments?post=3410"}],"version-history":[{"count":80,"href":"https:\/\/biotifullcosmetic.com\/en\/wp-json\/wp\/v2\/pages\/3410\/revisions"}],"predecessor-version":[{"id":6765,"href":"https:\/\/biotifullcosmetic.com\/en\/wp-json\/wp\/v2\/pages\/3410\/revisions\/6765"}],"wp:featuredmedia":[{"embeddable":true,"href":"https:\/\/biotifullcosmetic.com\/en\/wp-json\/wp\/v2\/media\/3643"}],"wp:attachment":[{"href":"https:\/\/biotifullcosmetic.com\/en\/wp-json\/wp\/v2\/media?parent=3410"}],"curies":[{"name":"wp","href":"https:\/\/api.w.org\/{rel}","templated":true}]}}