{"id":3423,"date":"2025-09-18T15:55:45","date_gmt":"2025-09-18T15:55:45","guid":{"rendered":"https:\/\/biotifullcosmetic.com\/?page_id=3423"},"modified":"2025-11-19T17:06:09","modified_gmt":"2025-11-19T17:06:09","slug":"qui-sommes-nous","status":"publish","type":"page","link":"https:\/\/biotifullcosmetic.com\/en\/qui-sommes-nous\/","title":{"rendered":"Who are we ?"},"content":{"rendered":"<div data-elementor-type=\"wp-page\" data-elementor-id=\"3423\" class=\"elementor elementor-3423\" data-elementor-post-type=\"page\">\n\t\t\t\t<div class=\"elementor-element elementor-element-866a7ed e-flex e-con-boxed e-con e-parent\" data-id=\"866a7ed\" data-element_type=\"container\" data-e-type=\"container\">\n\t\t\t\t\t<div class=\"e-con-inner\">\n\t\t\t\t<div class=\"elementor-element elementor-element-f41df90 animated-slow elementor-widget elementor-widget-text-editor\" data-id=\"f41df90\" data-element_type=\"widget\" data-e-type=\"widget\" data-settings=\"{&quot;_animation&quot;:&quot;none&quot;}\" data-widget_type=\"text-editor.default\">\n\t\t\t\t\t\t\t\t\t<p>Avec une expertise reconnue dans le domaine de la cosm\u00e9tique, notre entreprise est aujourd\u2019hui implant\u00e9e dans plus de 10 pays \u00e0 travers l\u2019Afrique et poursuit son expansion. Depuis nos d\u00e9buts, nous avons b\u00e2ti notre r\u00e9putation en proposant des produits de soin adapt\u00e9s aux besoins sp\u00e9cifiques de la peau africaine, alliant efficacit\u00e9, s\u00e9curit\u00e9 et innovation.<\/p><p>Our Pan-African presence is a testament to the growing trust placed in us by our partners and clients. Each new market we enter is an opportunity to share our vision: enhancing African beauty while honoring its authenticity.<\/p><p>Still growing rapidly, we continue to expand our network to become a leading brand on the continent, offering every woman and man cosmetic solutions that inspire trust, well-being, and pride.<\/p>\t\t\t\t\t\t\t\t<\/div>\n\t\t<div class=\"elementor-element elementor-element-b60a8ba e-con-full animated-slow e-flex e-con e-child\" data-id=\"b60a8ba\" data-element_type=\"container\" data-e-type=\"container\" data-settings=\"{&quot;background_background&quot;:&quot;classic&quot;,&quot;animation&quot;:&quot;none&quot;,&quot;animation_delay&quot;:200}\">\n\t\t\t\t<\/div>\n\t\t\t\t\t<\/div>\n\t\t\t\t<\/div>\n\t\t<div class=\"elementor-element elementor-element-b4fa529 e-flex e-con-boxed e-con e-parent\" data-id=\"b4fa529\" data-element_type=\"container\" data-e-type=\"container\">\n\t\t\t\t\t<div class=\"e-con-inner\">\n\t\t<div class=\"elementor-element elementor-element-df277c2 e-con-full animated-slow e-flex e-con e-child\" data-id=\"df277c2\" data-element_type=\"container\" data-e-type=\"container\" data-settings=\"{&quot;background_background&quot;:&quot;classic&quot;,&quot;animation&quot;:&quot;none&quot;,&quot;animation_delay&quot;:400}\">\n\t\t<div class=\"elementor-element elementor-element-fbe204e e-con-full e-flex e-con e-child\" data-id=\"fbe204e\" data-element_type=\"container\" data-e-type=\"container\" data-settings=\"{&quot;background_background&quot;:&quot;classic&quot;}\">\n\t\t\t\t<div class=\"elementor-element elementor-element-15f43a7 elementor-widget elementor-widget-image\" data-id=\"15f43a7\" data-element_type=\"widget\" data-e-type=\"widget\" data-widget_type=\"image.default\">\n\t\t\t\t\t\t\t\t\t\t\t\t\t\t\t<img fetchpriority=\"high\" decoding=\"async\" width=\"436\" height=\"890\" src=\"https:\/\/biotifullcosmetic.com\/wp-content\/uploads\/2025\/09\/Rectangle-31.jpg\" class=\"attachment-large size-large wp-image-3700\" alt=\"\" srcset=\"https:\/\/biotifullcosmetic.com\/wp-content\/uploads\/2025\/09\/Rectangle-31.jpg 436w, https:\/\/biotifullcosmetic.com\/wp-content\/uploads\/2025\/09\/Rectangle-31-147x300.jpg 147w, https:\/\/biotifullcosmetic.com\/wp-content\/uploads\/2025\/09\/Rectangle-31-6x12.jpg 6w, https:\/\/biotifullcosmetic.com\/wp-content\/uploads\/2025\/09\/Rectangle-31-300x612.jpg 300w\" sizes=\"(max-width: 436px) 100vw, 436px\" \/>\t\t\t\t\t\t\t\t\t\t\t\t\t\t\t<\/div>\n\t\t\t\t<\/div>\n\t\t<div class=\"elementor-element elementor-element-9e17133 e-con-full e-flex e-con e-child\" data-id=\"9e17133\" data-element_type=\"container\" data-e-type=\"container\" data-settings=\"{&quot;background_background&quot;:&quot;classic&quot;}\">\n\t\t\t\t<div class=\"elementor-element elementor-element-678af36 elementor-widget__width-initial elementor-widget elementor-widget-heading\" data-id=\"678af36\" data-element_type=\"widget\" data-e-type=\"widget\" data-widget_type=\"heading.default\">\n\t\t\t\t\t<h1 class=\"elementor-heading-title elementor-size-default\">I transform the richness of our earth into modern beauty rituals<\/h1>\t\t\t\t<\/div>\n\t\t\t\t<div class=\"elementor-element elementor-element-46621b7 elementor-widget elementor-widget-text-editor\" data-id=\"46621b7\" data-element_type=\"widget\" data-e-type=\"widget\" data-widget_type=\"text-editor.default\">\n\t\t\t\t\t\t\t\t\t<p>Since founding our company, my vision has always been clear: to reveal African beauty in all its diversity by offering high-quality, safe, and skin-respectful cosmetic products.<br \/>Every woman and man deserves to feel comfortable in their own skin, to radiate confidence, and to express themselves with self-assurance.<br \/>At the heart of our philosophy, innovation meets the richness of carefully selected African natural ingredients, chosen for their efficacy and authenticity. We have made a conscious choice to develop cosmetic solutions that respect health, ethics, and the environment, while meeting the real needs of African skin.<\/p><p>I am proud to lead a passionate team that, every day, works to write a new chapter for the African cosmetics industry: an industry focused on excellence, creativity, and the future.<\/p><p>\u00c0 toutes celles et ceux qui nous font confiance, je dis <strong>MERCI<\/strong>. Votre fid\u00e9lit\u00e9 est notre plus grande force et notre plus belle motivation. Ensemble, nous b\u00e2tissons bien plus qu\u2019une marque : nous construisons un h\u00e9ritage de beaut\u00e9, d\u2019audace et d\u2019identit\u00e9 africaine.<\/p><p>With my deepest gratitude,<\/p>\t\t\t\t\t\t\t\t<\/div>\n\t\t\t\t<div class=\"elementor-element elementor-element-a127610 elementor-widget elementor-widget-heading\" data-id=\"a127610\" data-element_type=\"widget\" data-e-type=\"widget\" data-widget_type=\"heading.default\">\n\t\t\t\t\t<h2 class=\"elementor-heading-title elementor-size-default\">July MAPOUKAM epse TCHINDA<\/h2>\t\t\t\t<\/div>\n\t\t\t\t<div class=\"elementor-element elementor-element-f7f826c elementor-widget elementor-widget-heading\" data-id=\"f7f826c\" data-element_type=\"widget\" data-e-type=\"widget\" data-widget_type=\"heading.default\">\n\t\t\t\t\t<h2 class=\"elementor-heading-title elementor-size-default\">PDG<\/h2>\t\t\t\t<\/div>\n\t\t\t\t<\/div>\n\t\t\t\t<\/div>\n\t\t\t\t\t<\/div>\n\t\t\t\t<\/div>\n\t\t\t\t<\/div>","protected":false},"excerpt":{"rendered":"<p>Avec une expertise reconnue dans le domaine de la cosm\u00e9tique, notre entreprise est aujourd\u2019hui implant\u00e9e dans plus de 10 pays \u00e0 travers l\u2019Afrique et poursuit son expansion. Depuis nos d\u00e9buts, nous avons b\u00e2ti notre r\u00e9putation en proposant des produits de soin adapt\u00e9s aux besoins sp\u00e9cifiques de la peau africaine, alliant efficacit\u00e9, s\u00e9curit\u00e9 et innovation. Notre [&hellip;]<\/p>\n","protected":false},"author":1,"featured_media":3688,"parent":0,"menu_order":0,"comment_status":"closed","ping_status":"closed","template":"","meta":{"om_disable_all_campaigns":false,"footnotes":""},"class_list":["post-3423","page","type-page","status-publish","has-post-thumbnail","hentry"],"blocksy_meta":{"has_hero_section":"enabled","hero_section":"type-2","hero_height":"209px","parallax":{"desktop":true,"tablet":true,"mobile":true},"styles_descriptor":{"styles":{"desktop":"[data-prefix=\"single_page\"] .entry-header .page-title {--theme-text-transform:capitalize;--theme-font-size:50px;--theme-line-height:1;} [data-prefix=\"single_page\"] .entry-header .entry-meta {--theme-font-weight:600;--theme-text-transform:uppercase;--theme-font-size:12px;--theme-line-height:1.3;} [data-prefix=\"single_page\"] .hero-section[data-type=\"type-2\"] {--min-height:209px;background-color:var(--theme-palette-color-6);background-image:none;--container-padding:50px 0px;}","tablet":"[data-prefix=\"single_page\"] .entry-header .page-title {--theme-font-size:40px;}","mobile":"[data-prefix=\"single_page\"] .entry-header .page-title {--theme-font-size:30px;}"},"google_fonts":{"Outfit":["n4","n6"]},"version":6},"vertical_spacing_source":"custom","content_area_spacing":"none","hero_elements":[{"id":"custom_title","enabled":true,"heading_tag":"h1","title":"HOME","__id":"CY1jzHqyoV6h6GAABe-_s"},{"id":"custom_description","enabled":false,"description_visibility":{"desktop":true,"tablet":true,"mobile":false},"__id":"hEnWlNpH3qroxA9lWMQy_"},{"id":"custom_meta","enabled":false,"meta_elements":[{"id":"author","enabled":true,"label":"Par","has_author_avatar":"yes","avatar_size":25},{"id":"post_date","enabled":true,"label":"Le","date_format_source":"default","date_format":"M j, Y"},{"id":"updated_date","enabled":false,"label":"Le","date_format_source":"default","date_format":"M j, Y"},{"id":"categories","enabled":false,"label":"Dans","style":"simple"},{"id":"comments","enabled":true}],"page_meta_elements":{"joined":true,"articles_count":true,"comments":true},"__id":"9dycAtOnKAyaZYzx9tBM9"},{"id":"breadcrumbs","enabled":true,"__id":"1Y61sycse38XGQ5cvWpdG"}],"pageTitleFont":{"family":"Default","variation":"Default","size":{"desktop":"50px","tablet":"40px","mobile":"30px","__changed":["mobile","tablet"]},"line-height":"1","letter-spacing":"CT_CSS_SKIP_RULE","text-transform":"capitalize","text-decoration":"CT_CSS_SKIP_RULE"}},"aioseo_notices":[],"_links":{"self":[{"href":"https:\/\/biotifullcosmetic.com\/en\/wp-json\/wp\/v2\/pages\/3423","targetHints":{"allow":["GET"]}}],"collection":[{"href":"https:\/\/biotifullcosmetic.com\/en\/wp-json\/wp\/v2\/pages"}],"about":[{"href":"https:\/\/biotifullcosmetic.com\/en\/wp-json\/wp\/v2\/types\/page"}],"author":[{"embeddable":true,"href":"https:\/\/biotifullcosmetic.com\/en\/wp-json\/wp\/v2\/users\/1"}],"replies":[{"embeddable":true,"href":"https:\/\/biotifullcosmetic.com\/en\/wp-json\/wp\/v2\/comments?post=3423"}],"version-history":[{"count":47,"href":"https:\/\/biotifullcosmetic.com\/en\/wp-json\/wp\/v2\/pages\/3423\/revisions"}],"predecessor-version":[{"id":6031,"href":"https:\/\/biotifullcosmetic.com\/en\/wp-json\/wp\/v2\/pages\/3423\/revisions\/6031"}],"wp:featuredmedia":[{"embeddable":true,"href":"https:\/\/biotifullcosmetic.com\/en\/wp-json\/wp\/v2\/media\/3688"}],"wp:attachment":[{"href":"https:\/\/biotifullcosmetic.com\/en\/wp-json\/wp\/v2\/media?parent=3423"}],"curies":[{"name":"wp","href":"https:\/\/api.w.org\/{rel}","templated":true}]}}