{"id":4853,"date":"2025-10-15T16:51:43","date_gmt":"2025-10-15T16:51:43","guid":{"rendered":"https:\/\/biotifullcosmetic.com\/?page_id=4853"},"modified":"2025-11-18T17:20:21","modified_gmt":"2025-11-18T17:20:21","slug":"expedition-et-livraison","status":"publish","type":"page","link":"https:\/\/biotifullcosmetic.com\/en\/expedition-et-livraison\/","title":{"rendered":"Exp\u00e9dition et Livraison"},"content":{"rendered":"<div data-elementor-type=\"wp-page\" data-elementor-id=\"4853\" class=\"elementor elementor-4853\" data-elementor-post-type=\"page\">\n\t\t\t\t<div class=\"elementor-element elementor-element-3eb2434 e-flex e-con-boxed e-con e-parent\" data-id=\"3eb2434\" data-element_type=\"container\" data-e-type=\"container\">\n\t\t\t\t\t<div class=\"e-con-inner\">\n\t\t\t\t<div class=\"elementor-element elementor-element-6462a61 elementor-widget elementor-widget-text-editor\" data-id=\"6462a61\" data-element_type=\"widget\" data-e-type=\"widget\" data-widget_type=\"text-editor.default\">\n\t\t\t\t\t\t\t\t\t<p data-start=\"348\" data-end=\"389\"><strong data-start=\"348\" data-end=\"389\">Derni\u00e8re mise \u00e0 jour : 18\/11\/2025<\/strong><\/p>\n<p data-start=\"391\" data-end=\"573\">At <strong data-start=\"396\" data-end=\"418\">BIOTIFULL COSMETIC SARL<\/strong>, we do everything in our power to guarantee you fast, reliable, and secure delivery of your products across Cameroon and other African countries.<\/p>\n<hr data-start=\"575\" data-end=\"578\" \/>\n<h2 data-start=\"580\" data-end=\"604\">Delivery Destinations<\/h2>\n<p data-start=\"605\" data-end=\"619\">We deliver to:<\/p>\n<ul data-start=\"620\" data-end=\"865\">\n<li data-start=\"620\" data-end=\"705\">\n<p data-start=\"622\" data-end=\"705\">In all cities of <strong data-start=\"648\" data-end=\"660\">Cameroun<\/strong> (Douala, Yaounde, Bafoussam, Garoua, etc.)<\/p>\n<\/li>\n<li data-start=\"706\" data-end=\"865\">\n<p data-start=\"708\" data-end=\"865\">In various countries where we have representatives <strong>B\u00e9nin, Burkina Faso, Canada,<\/strong> <strong data-start=\"775\" data-end=\"857\">Congo, Ivory Coast, France, Gabon, Guinea, Democratic Republic of Congo, Chad, Togo, USA<\/strong>.<\/p>\n<\/li>\n<li data-start=\"706\" data-end=\"865\">Globally, internationally, via our partners: <strong>DHL, <\/strong>etc.<\/li>\n<\/ul>\n<p data-start=\"867\" data-end=\"1001\">If your country is not listed, please contact us via \ud83d\udce9 <strong data-start=\"935\" data-end=\"968\"><a class=\"decorated-link cursor-pointer\" rel=\"noopener\" data-start=\"937\" data-end=\"966\">contact@biotifullcosmetic.com<\/a><\/strong> for a personalised solution.<\/p>\n<hr data-start=\"1003\" data-end=\"1006\" \/>\n<h2 data-start=\"1008\" data-end=\"1050\">2. Processing and Shipping Times<\/h2>\n<ul data-start=\"1051\" data-end=\"1341\">\n<li data-start=\"1051\" data-end=\"1158\">\n<p data-start=\"1053\" data-end=\"1158\">Orders are processed within a period of <strong data-start=\"1098\" data-end=\"1124\">24 \u00e0 48 heures ouvr\u00e9es<\/strong> apr\u00e8s confirmation du paiement.<\/p>\n<\/li>\n<li data-start=\"1159\" data-end=\"1341\">\n<p data-start=\"1161\" data-end=\"1217\">Delivery times vary depending on the destination:<\/p>\n<ul data-start=\"1220\" data-end=\"1341\">\n<li data-start=\"1220\" data-end=\"1270\">\n<p data-start=\"1222\" data-end=\"1270\"><strong data-start=\"1222\" data-end=\"1244\">1 to 3 working days.<\/strong> for Douala and Yaounde<\/p>\n<\/li>\n<li data-start=\"1273\" data-end=\"1341\">\n<p data-start=\"1275\" data-end=\"1341\"><strong data-start=\"1275\" data-end=\"1297\">3 to 7 working days.<\/strong> for other cities, African countries, and internationally.<\/p>\n<\/li>\n<\/ul>\n<\/li>\n<\/ul>\n<p data-start=\"1343\" data-end=\"1469\">We work with reliable shipping services (such as<strong data-start=\"1406\" data-end=\"1431\">\u00a0DHL<\/strong>, or our local delivery drivers).<\/p>\n<hr data-start=\"1471\" data-end=\"1474\" \/>\n<h2 data-start=\"1476\" data-end=\"1499\">3. Order Tracking<\/h2>\n<p data-start=\"1500\" data-end=\"1585\">Once your order has been dispatched, you will receive a message (SMS, social media, or email) or a call.<\/p>\n<hr data-start=\"1681\" data-end=\"1684\" \/>\n<h2 data-start=\"1686\" data-end=\"1710\">Delivery Charges<\/h2>\n<p data-start=\"1711\" data-end=\"1771\">Delivery costs are calculated automatically based on:<\/p>\n<ul data-start=\"1772\" data-end=\"1845\">\n<li data-start=\"1772\" data-end=\"1801\">\n<p data-start=\"1774\" data-end=\"1801\">This <strong data-start=\"1777\" data-end=\"1798\">Delivery location<\/strong>,<\/p>\n<\/li>\n<li data-start=\"1802\" data-end=\"1845\">\n<p data-start=\"1804\" data-end=\"1845\">This <strong data-start=\"1807\" data-end=\"1816\">weight<\/strong> and the <strong data-start=\"1823\" data-end=\"1833\">volume<\/strong> of the parcel.<\/p>\n<\/li>\n<\/ul>\n<p data-start=\"1847\" data-end=\"1931\">The exact costs are displayed when you validate your order before payment.<\/p>\n<hr data-start=\"1933\" data-end=\"1936\" \/>\n<h2 data-start=\"1938\" data-end=\"1975\">5. Retard ou absence de livraison<\/h2>\n<p data-start=\"1976\" data-end=\"2266\">In the event of a delay, we invite you to contact our customer service team.<br data-start=\"2046\" data-end=\"2049\" \/>We will do what is necessary to expedite the process with the carrier.<br data-start=\"2126\" data-end=\"2129\" \/><strong>BIOTIFULL COSMETIC SARL<\/strong> ne saurait \u00eatre tenue responsable des retards imputables \u00e0 un tiers (transporteur, douanes, \u00e9v\u00e9nements exceptionnels).<\/p>\n<hr data-start=\"2268\" data-end=\"2271\" \/>\n<h2 data-start=\"2273\" data-end=\"2303\">6. Uncollected Orders<\/h2>\n<p data-start=\"2304\" data-end=\"2424\">Si un colis est retourn\u00e9 pour cause de non-d\u00e9douanement ou d&rsquo;interdiction dans le pays destinataire, les frais de renvoi seront \u00e0 la charge du client.\u00a0<\/p>\n<hr data-start=\"2426\" data-end=\"2429\" \/>\n<h2 data-start=\"2431\" data-end=\"2462\">7. Contact for delivery<\/h2>\n<p data-start=\"2463\" data-end=\"2557\">\ud83d\udce7\u00a0<strong data-start=\"5331\" data-end=\"5364\"><a class=\"decorated-link cursor-pointer\" rel=\"noopener\" data-start=\"5333\" data-end=\"5362\">contact@biotifullcosmetic.com<br \/><\/a><\/strong>\ud83d\udcde <strong>(+237) 683 179 829<\/strong><br data-start=\"5364\" data-end=\"5367\" \/>\ud83d\udccd\u00a0<strong data-start=\"5370\" data-end=\"5417\">Adresse : Si\u00e8ge social Logbessou \u2013 Douala, Cameroun<\/strong><\/p>\t\t\t\t\t\t\t\t<\/div>\n\t\t\t\t\t<\/div>\n\t\t\t\t<\/div>\n\t\t\t\t<\/div>","protected":false},"excerpt":{"rendered":"<p>La politique d&rsquo;exp\u00e9dition et livraison &#8211;  r\u00e9f\u00e9rence contractuelle entre Biotifull Cosmetic qui vend et le client qui ach\u00e8te. <\/p>","protected":false},"author":2,"featured_media":0,"parent":0,"menu_order":0,"comment_status":"closed","ping_status":"closed","template":"","meta":{"om_disable_all_campaigns":false,"footnotes":""},"class_list":["post-4853","page","type-page","status-publish","hentry"],"blocksy_meta":[],"aioseo_notices":[],"_links":{"self":[{"href":"https:\/\/biotifullcosmetic.com\/en\/wp-json\/wp\/v2\/pages\/4853","targetHints":{"allow":["GET"]}}],"collection":[{"href":"https:\/\/biotifullcosmetic.com\/en\/wp-json\/wp\/v2\/pages"}],"about":[{"href":"https:\/\/biotifullcosmetic.com\/en\/wp-json\/wp\/v2\/types\/page"}],"author":[{"embeddable":true,"href":"https:\/\/biotifullcosmetic.com\/en\/wp-json\/wp\/v2\/users\/2"}],"replies":[{"embeddable":true,"href":"https:\/\/biotifullcosmetic.com\/en\/wp-json\/wp\/v2\/comments?post=4853"}],"version-history":[{"count":20,"href":"https:\/\/biotifullcosmetic.com\/en\/wp-json\/wp\/v2\/pages\/4853\/revisions"}],"predecessor-version":[{"id":5972,"href":"https:\/\/biotifullcosmetic.com\/en\/wp-json\/wp\/v2\/pages\/4853\/revisions\/5972"}],"wp:attachment":[{"href":"https:\/\/biotifullcosmetic.com\/en\/wp-json\/wp\/v2\/media?parent=4853"}],"curies":[{"name":"wp","href":"https:\/\/api.w.org\/{rel}","templated":true}]}}