{"id":3773,"date":"2025-09-22T16:01:46","date_gmt":"2025-09-22T16:01:46","guid":{"rendered":"https:\/\/biotifullcosmetic.com\/?post_type=product&#038;p=3773"},"modified":"2026-04-23T12:32:29","modified_gmt":"2026-04-23T12:32:29","slug":"baume-nutritive-200ml","status":"publish","type":"product","link":"https:\/\/biotifullcosmetic.com\/en\/product\/baume-nutritive-200ml\/","title":{"rendered":"Baume Corporel Nutritive"},"content":{"rendered":"<p><span data-sheets-root=\"1\">Votre Baume Corporel Nutritive incarne l&rsquo;excellence du soin r\u00e9parateur, alliant une technologie hydratante avanc\u00e9e \u00e0 une sensation de bien-\u00eatre imm\u00e9diat. Sa texture riche et onctueuse, \u00e0 la fusion rapide, nourrit intens\u00e9ment la peau sans laisser de film gras. Con\u00e7u pour les peaux les plus exigeantes, il apaise les sensations d&rsquo;inconfort et restaure la barri\u00e8re cutan\u00e9e, pour un confort jour apr\u00e8s jour.<\/span><\/p>\n<p>At the heart of this regenerating action, Panthenol (Vitamin B5) deploys its exceptional soothing and reparative properties. Recognized for its ability to stimulate cell regeneration, it works in synergy with nourishing active ingredients to accelerate skin recovery and strengthen its resistance. Its intense softening action immediately calms irritation and prevents tightness.<\/p>\n<p>To complete this comprehensive nourishing ritual, high-performance hydrating agents and soothing active ingredients work to lock in moisture and protect the skin from external aggressors. The skin is visibly softer, more resilient, and comfortable\u2014ready to reveal its natural beauty in a state of perfect balance.<\/p>","protected":false},"excerpt":{"rendered":"<p><span data-sheets-root=\"1\">Votre Baume Corporel Nutritive incarne l&rsquo;excellence du soin r\u00e9parateur, alliant une technologie hydratante avanc\u00e9e \u00e0 une sensation de bien-\u00eatre imm\u00e9diat.<\/span><\/p>","protected":false},"featured_media":6058,"comment_status":"open","ping_status":"closed","template":"","meta":{"om_disable_all_campaigns":false},"product_brand":[57],"product_cat":[44],"product_tag":[59],"class_list":{"0":"post-3773","1":"product","2":"type-product","3":"status-publish","4":"has-post-thumbnail","6":"product_brand-nutritive","7":"product_cat-baume","8":"product_tag-reparateur","10":"first","11":"instock","12":"purchasable","13":"product-type-simple"},"aioseo_notices":[],"_links":{"self":[{"href":"https:\/\/biotifullcosmetic.com\/en\/wp-json\/wp\/v2\/product\/3773","targetHints":{"allow":["GET"]}}],"collection":[{"href":"https:\/\/biotifullcosmetic.com\/en\/wp-json\/wp\/v2\/product"}],"about":[{"href":"https:\/\/biotifullcosmetic.com\/en\/wp-json\/wp\/v2\/types\/product"}],"replies":[{"embeddable":true,"href":"https:\/\/biotifullcosmetic.com\/en\/wp-json\/wp\/v2\/comments?post=3773"}],"version-history":[{"count":2,"href":"https:\/\/biotifullcosmetic.com\/en\/wp-json\/wp\/v2\/product\/3773\/revisions"}],"predecessor-version":[{"id":6721,"href":"https:\/\/biotifullcosmetic.com\/en\/wp-json\/wp\/v2\/product\/3773\/revisions\/6721"}],"wp:featuredmedia":[{"embeddable":true,"href":"https:\/\/biotifullcosmetic.com\/en\/wp-json\/wp\/v2\/media\/6058"}],"wp:attachment":[{"href":"https:\/\/biotifullcosmetic.com\/en\/wp-json\/wp\/v2\/media?parent=3773"}],"wp:term":[{"taxonomy":"product_brand","embeddable":true,"href":"https:\/\/biotifullcosmetic.com\/en\/wp-json\/wp\/v2\/product_brand?post=3773"},{"taxonomy":"product_cat","embeddable":true,"href":"https:\/\/biotifullcosmetic.com\/en\/wp-json\/wp\/v2\/product_cat?post=3773"},{"taxonomy":"product_tag","embeddable":true,"href":"https:\/\/biotifullcosmetic.com\/en\/wp-json\/wp\/v2\/product_tag?post=3773"}],"curies":[{"name":"wp","href":"https:\/\/api.w.org\/{rel}","templated":true}]}}