{"id":3776,"date":"2025-09-22T16:15:53","date_gmt":"2025-09-22T16:15:53","guid":{"rendered":"https:\/\/biotifullcosmetic.com\/?post_type=product&#038;p=3776"},"modified":"2026-04-23T12:22:47","modified_gmt":"2026-04-23T12:22:47","slug":"laitcorpscaramelglow","status":"publish","type":"product","link":"https:\/\/biotifullcosmetic.com\/en\/product\/laitcorpscaramelglow\/","title":{"rendered":"Lait Corps Caramel Glow"},"content":{"rendered":"<p><span data-sheets-root=\"1\">Votre Lait Corps Caramel Glow est une fusion innovante entre la puissance des actifs et le d\u00e9sir d&rsquo;un teint hal\u00e9 et radieux. Sa formule est sp\u00e9cialement con\u00e7ue pour illuminer votre peau, lui insuffler une lueur chaude et caramel, tout en estompant les irr\u00e9gularit\u00e9s pour une beaut\u00e9 sans faille. Au c\u0153ur de cette alchimie se trouve l&rsquo;Alpha Arbutin, un actif d&rsquo;exception reconnu pour son efficacit\u00e9 \u00e0 uniformiser le teint. Il travaille en synergie avec un complexe d&rsquo;acides de fruits pour att\u00e9nuer visiblement les taches et marques, r\u00e9v\u00e9lant un teint d&rsquo;une clart\u00e9 et d&rsquo;une homog\u00e9n\u00e9it\u00e9 parfaites. Votre peau est plus lumineuse, plus nette, comme caress\u00e9e par la lumi\u00e8re.<br \/>\nPour sceller cet \u00e9clat et nourrir la peau en profondeur, le lait s&rsquo;enrichit de l&rsquo;Acide Hyaluronique et la Vitamine B3 qui agissent de concert pour intensifier l&rsquo;hydratation, renforcer la barri\u00e8re cutan\u00e9e et affiner le grain de peau. Envelopp\u00e9e par la douceur nutritive de l&rsquo;Huile de Ricin et prot\u00e9g\u00e9e par les vertus antioxydantes de la Vitamine E, votre peau est sublim\u00e9e, d&rsquo;une douceur extr\u00eame et d&rsquo;une radiance naturelle.<\/span><\/p>","protected":false},"excerpt":{"rendered":"<p><span data-sheets-root=\"1\">Votre Lait Corps Caramel Glow est une fusion innovante entre la puissance des actifs et le d\u00e9sir d&rsquo;un teint hal\u00e9 et radieux.<\/span><\/p>","protected":false},"featured_media":6067,"comment_status":"open","ping_status":"closed","template":"","meta":{"om_disable_all_campaigns":false},"product_brand":[60],"product_cat":[48],"product_tag":[61],"class_list":{"0":"post-3776","1":"product","2":"type-product","3":"status-publish","4":"has-post-thumbnail","6":"product_brand-gamme-caramel","7":"product_cat-lait-corporel","8":"product_tag-clarifie","10":"first","11":"instock","12":"purchasable","13":"product-type-simple"},"aioseo_notices":[],"_links":{"self":[{"href":"https:\/\/biotifullcosmetic.com\/en\/wp-json\/wp\/v2\/product\/3776","targetHints":{"allow":["GET"]}}],"collection":[{"href":"https:\/\/biotifullcosmetic.com\/en\/wp-json\/wp\/v2\/product"}],"about":[{"href":"https:\/\/biotifullcosmetic.com\/en\/wp-json\/wp\/v2\/types\/product"}],"replies":[{"embeddable":true,"href":"https:\/\/biotifullcosmetic.com\/en\/wp-json\/wp\/v2\/comments?post=3776"}],"version-history":[{"count":2,"href":"https:\/\/biotifullcosmetic.com\/en\/wp-json\/wp\/v2\/product\/3776\/revisions"}],"predecessor-version":[{"id":6069,"href":"https:\/\/biotifullcosmetic.com\/en\/wp-json\/wp\/v2\/product\/3776\/revisions\/6069"}],"wp:featuredmedia":[{"embeddable":true,"href":"https:\/\/biotifullcosmetic.com\/en\/wp-json\/wp\/v2\/media\/6067"}],"wp:attachment":[{"href":"https:\/\/biotifullcosmetic.com\/en\/wp-json\/wp\/v2\/media?parent=3776"}],"wp:term":[{"taxonomy":"product_brand","embeddable":true,"href":"https:\/\/biotifullcosmetic.com\/en\/wp-json\/wp\/v2\/product_brand?post=3776"},{"taxonomy":"product_cat","embeddable":true,"href":"https:\/\/biotifullcosmetic.com\/en\/wp-json\/wp\/v2\/product_cat?post=3776"},{"taxonomy":"product_tag","embeddable":true,"href":"https:\/\/biotifullcosmetic.com\/en\/wp-json\/wp\/v2\/product_tag?post=3776"}],"curies":[{"name":"wp","href":"https:\/\/api.w.org\/{rel}","templated":true}]}}