{"id":3780,"date":"2025-09-23T15:03:13","date_gmt":"2025-09-23T15:03:13","guid":{"rendered":"https:\/\/biotifullcosmetic.com\/?post_type=product&#038;p=3780"},"modified":"2026-04-23T12:22:08","modified_gmt":"2026-04-23T12:22:08","slug":"lait-corps-ultra-hydratant-500ml","status":"publish","type":"product","link":"https:\/\/biotifullcosmetic.com\/en\/product\/lait-corps-ultra-hydratant-500ml\/","title":{"rendered":"Lait Corps ultra hydratant"},"content":{"rendered":"<p><span data-sheets-root=\"1\">Votre Lait Corps ultra hydratant est la quintessence du soin hydratant haute performance. Sa formule intelligente, enrichie en Acide Hyaluronique, agit comme une \u00e9ponge \u00e0 eau pour capturer l&rsquo;humidit\u00e9 et la lib\u00e9rer durablement dans l&rsquo;\u00e9piderme, pour une hydratation intense et prolong\u00e9e.<\/span><\/p>\n<p>Glycerin, a recognized moisturizing agent, forms a protective film on the skin's surface to lock in hydration and prevent dehydration. Combined with Vitamin B3, it helps strengthen the skin barrier, resulting in visibly more resilient, soft, and supple skin.<\/p>\n<p>To nourish and enhance the skin, we have infused the treatment with precious Sweet Almond Oil, renowned for its nourishing and softening properties. Finally, to protect your skin daily, we have incorporated Sunscreen with Titanium Dioxide, a mineral filter that preserves your skin's youthfulness from UV damage.<\/p>\n<p>You thus enjoy comfortable, intensely hydrated skin for 24 hours, with full protection. Its non-greasy texture absorbs instantly, leaving only a sensation of infinite softness.<\/p>","protected":false},"excerpt":{"rendered":"<p><span data-sheets-root=\"1\">Votre Lait Corps ultra hydratant est la quintessence du soin hydratant haute performance.<\/span><\/p>","protected":false},"featured_media":5064,"comment_status":"open","ping_status":"closed","template":"","meta":{"om_disable_all_campaigns":false},"product_brand":[],"product_cat":[48],"product_tag":[63,64,65],"class_list":{"0":"post-3780","1":"product","2":"type-product","3":"status-publish","4":"has-post-thumbnail","6":"product_cat-lait-corporel","7":"product_tag-hydratant","8":"product_tag-nourrissant","9":"product_tag-protecteur","11":"first","12":"instock","13":"purchasable","14":"product-type-simple"},"aioseo_notices":[],"_links":{"self":[{"href":"https:\/\/biotifullcosmetic.com\/en\/wp-json\/wp\/v2\/product\/3780","targetHints":{"allow":["GET"]}}],"collection":[{"href":"https:\/\/biotifullcosmetic.com\/en\/wp-json\/wp\/v2\/product"}],"about":[{"href":"https:\/\/biotifullcosmetic.com\/en\/wp-json\/wp\/v2\/types\/product"}],"replies":[{"embeddable":true,"href":"https:\/\/biotifullcosmetic.com\/en\/wp-json\/wp\/v2\/comments?post=3780"}],"version-history":[{"count":2,"href":"https:\/\/biotifullcosmetic.com\/en\/wp-json\/wp\/v2\/product\/3780\/revisions"}],"predecessor-version":[{"id":6107,"href":"https:\/\/biotifullcosmetic.com\/en\/wp-json\/wp\/v2\/product\/3780\/revisions\/6107"}],"wp:featuredmedia":[{"embeddable":true,"href":"https:\/\/biotifullcosmetic.com\/en\/wp-json\/wp\/v2\/media\/5064"}],"wp:attachment":[{"href":"https:\/\/biotifullcosmetic.com\/en\/wp-json\/wp\/v2\/media?parent=3780"}],"wp:term":[{"taxonomy":"product_brand","embeddable":true,"href":"https:\/\/biotifullcosmetic.com\/en\/wp-json\/wp\/v2\/product_brand?post=3780"},{"taxonomy":"product_cat","embeddable":true,"href":"https:\/\/biotifullcosmetic.com\/en\/wp-json\/wp\/v2\/product_cat?post=3780"},{"taxonomy":"product_tag","embeddable":true,"href":"https:\/\/biotifullcosmetic.com\/en\/wp-json\/wp\/v2\/product_tag?post=3780"}],"curies":[{"name":"wp","href":"https:\/\/api.w.org\/{rel}","templated":true}]}}