{"id":3787,"date":"2025-09-23T15:25:06","date_gmt":"2025-09-23T15:25:06","guid":{"rendered":"https:\/\/biotifullcosmetic.com\/?post_type=product&#038;p=3787"},"modified":"2026-04-23T12:20:39","modified_gmt":"2026-04-23T12:20:39","slug":"gel-douche-clarifying","status":"publish","type":"product","link":"https:\/\/biotifullcosmetic.com\/en\/product\/gel-douche-clarifying\/","title":{"rendered":"Gel douche Clarifying"},"content":{"rendered":"<hr \/>\n<p>D\u00e9couvrez le Gel douche Clarifying, sp\u00e9cialement formul\u00e9 pour convenir \u00e0 tous les types de peau, alliant douceur et efficacit\u00e9. Ce gel nettoyant purifie en profondeur sans agresser, pr\u00e9servant ainsi l\u2019\u00e9quilibre naturel du pH de votre peau. Gr\u00e2ce \u00e0 sa texture l\u00e9g\u00e8re et d\u00e9licate, il offre un effet exfoliant l\u00e9ger qui \u00e9limine les cellules mortes, r\u00e9v\u00e9lant une peau nette, fra\u00eeche et \u00e9clatante de sant\u00e9.<\/p>\n<p>Suitable for daily use, Gel douche Clarifying doesn't just cleanse \u2013 it also purifies your skin while respecting its sensitivity. In one simple step, it helps you achieve a radiant complexion, even under the most demanding conditions. Its gentle yet effective action makes it an ideal ally in combating external aggressors and maintaining a long-lasting glow.<\/p>\n<p>Especially recommended in harsh climates, this unique formula helps combat the damaging effects of sun exposure, providing you with added protection. Make Gel Douche Clarifying an essential part of your skincare routine for a revitalising shower experience and daily well-being. Give your skin the care it deserves and reveal your natural beauty!<\/p>","protected":false},"excerpt":{"rendered":"<p>D\u00e9couvrez le Gel douche Clarifying, sp\u00e9cialement formul\u00e9 pour convenir \u00e0 tous les types de peau, alliant douceur et efficacit\u00e9<\/p>","protected":false},"featured_media":5060,"comment_status":"open","ping_status":"closed","template":"","meta":{"om_disable_all_campaigns":false},"product_brand":[],"product_cat":[46],"product_tag":[69],"class_list":{"0":"post-3787","1":"product","2":"type-product","3":"status-publish","4":"has-post-thumbnail","6":"product_cat-gel-douche","7":"product_tag-lavant","9":"first","10":"instock","11":"purchasable","12":"product-type-simple"},"aioseo_notices":[],"_links":{"self":[{"href":"https:\/\/biotifullcosmetic.com\/en\/wp-json\/wp\/v2\/product\/3787","targetHints":{"allow":["GET"]}}],"collection":[{"href":"https:\/\/biotifullcosmetic.com\/en\/wp-json\/wp\/v2\/product"}],"about":[{"href":"https:\/\/biotifullcosmetic.com\/en\/wp-json\/wp\/v2\/types\/product"}],"replies":[{"embeddable":true,"href":"https:\/\/biotifullcosmetic.com\/en\/wp-json\/wp\/v2\/comments?post=3787"}],"version-history":[{"count":1,"href":"https:\/\/biotifullcosmetic.com\/en\/wp-json\/wp\/v2\/product\/3787\/revisions"}],"predecessor-version":[{"id":6106,"href":"https:\/\/biotifullcosmetic.com\/en\/wp-json\/wp\/v2\/product\/3787\/revisions\/6106"}],"wp:featuredmedia":[{"embeddable":true,"href":"https:\/\/biotifullcosmetic.com\/en\/wp-json\/wp\/v2\/media\/5060"}],"wp:attachment":[{"href":"https:\/\/biotifullcosmetic.com\/en\/wp-json\/wp\/v2\/media?parent=3787"}],"wp:term":[{"taxonomy":"product_brand","embeddable":true,"href":"https:\/\/biotifullcosmetic.com\/en\/wp-json\/wp\/v2\/product_brand?post=3787"},{"taxonomy":"product_cat","embeddable":true,"href":"https:\/\/biotifullcosmetic.com\/en\/wp-json\/wp\/v2\/product_cat?post=3787"},{"taxonomy":"product_tag","embeddable":true,"href":"https:\/\/biotifullcosmetic.com\/en\/wp-json\/wp\/v2\/product_tag?post=3787"}],"curies":[{"name":"wp","href":"https:\/\/api.w.org\/{rel}","templated":true}]}}