{"id":3797,"date":"2025-09-23T15:48:03","date_gmt":"2025-09-23T15:48:03","guid":{"rendered":"https:\/\/biotifullcosmetic.com\/?post_type=product&#038;p=3797"},"modified":"2026-04-19T18:37:57","modified_gmt":"2026-04-19T18:37:57","slug":"savon-noir-multi-eclaircissant","status":"publish","type":"product","link":"https:\/\/biotifullcosmetic.com\/en\/product\/savon-noir-multi-eclaircissant\/","title":{"rendered":"Savon Noir Multi-Eclaircissant"},"content":{"rendered":"<p><span data-sheets-root=\"1\">Votre Savon Noir Multi-Eclaircissant r\u00e9invente le rituel du nettoyage en alliant traditions botaniques et efficacit\u00e9 cibl\u00e9e. Sa composition unique, forg\u00e9e \u00e0 partir d&rsquo;ingr\u00e9dients soigneusement s\u00e9lectionn\u00e9s, nettoie la peau en profondeur tout en initiant un processus de clarification en douceur. Chaque utilisation pr\u00e9pare l&rsquo;\u00e9piderme \u00e0 r\u00e9v\u00e9ler sa luminosit\u00e9 naturelle, pour un teint plus uniforme et rayonnant.<\/span><\/p>\n<p>At the heart of this brightening action, licorice root deploys its exceptional virtues to fade dark spots and even out the skin tone. Naturally rich in soothing and brightening active compounds, it works in synergy with a gentle exfoliating complex to reduce pigmented imperfections. Its respectful action preserves the skin's balance while restoring its homogeneity and clarity.<\/p>\n<p>To perfect this quest for luminosity, nourishing and antioxidant agents work to protect and regenerate the epidermis, while extracts with purifying properties help refine the skin's texture. The creamy, aromatic lather leaves the skin incredibly soft, purified, and visibly brighter\u2014ready to radiate its full potential.<\/p>","protected":false},"excerpt":{"rendered":"<p><span data-sheets-root=\"1\">Votre Savon Noir Multi-Eclaircissant r\u00e9invente le rituel du nettoyage en alliant traditions botaniques et efficacit\u00e9 cibl\u00e9e.<\/span><\/p>","protected":false},"featured_media":6005,"comment_status":"open","ping_status":"closed","template":"","meta":{"om_disable_all_campaigns":false},"product_brand":[],"product_cat":[49],"product_tag":[67],"class_list":{"0":"post-3797","1":"product","2":"type-product","3":"status-publish","4":"has-post-thumbnail","6":"product_cat-savon","7":"product_tag-eclaircissant","9":"first","10":"instock","11":"purchasable","12":"product-type-simple"},"aioseo_notices":[],"_links":{"self":[{"href":"https:\/\/biotifullcosmetic.com\/en\/wp-json\/wp\/v2\/product\/3797","targetHints":{"allow":["GET"]}}],"collection":[{"href":"https:\/\/biotifullcosmetic.com\/en\/wp-json\/wp\/v2\/product"}],"about":[{"href":"https:\/\/biotifullcosmetic.com\/en\/wp-json\/wp\/v2\/types\/product"}],"replies":[{"embeddable":true,"href":"https:\/\/biotifullcosmetic.com\/en\/wp-json\/wp\/v2\/comments?post=3797"}],"version-history":[{"count":3,"href":"https:\/\/biotifullcosmetic.com\/en\/wp-json\/wp\/v2\/product\/3797\/revisions"}],"predecessor-version":[{"id":5774,"href":"https:\/\/biotifullcosmetic.com\/en\/wp-json\/wp\/v2\/product\/3797\/revisions\/5774"}],"wp:featuredmedia":[{"embeddable":true,"href":"https:\/\/biotifullcosmetic.com\/en\/wp-json\/wp\/v2\/media\/6005"}],"wp:attachment":[{"href":"https:\/\/biotifullcosmetic.com\/en\/wp-json\/wp\/v2\/media?parent=3797"}],"wp:term":[{"taxonomy":"product_brand","embeddable":true,"href":"https:\/\/biotifullcosmetic.com\/en\/wp-json\/wp\/v2\/product_brand?post=3797"},{"taxonomy":"product_cat","embeddable":true,"href":"https:\/\/biotifullcosmetic.com\/en\/wp-json\/wp\/v2\/product_cat?post=3797"},{"taxonomy":"product_tag","embeddable":true,"href":"https:\/\/biotifullcosmetic.com\/en\/wp-json\/wp\/v2\/product_tag?post=3797"}],"curies":[{"name":"wp","href":"https:\/\/api.w.org\/{rel}","templated":true}]}}