{"id":3800,"date":"2025-09-23T16:11:47","date_gmt":"2025-09-23T16:11:47","guid":{"rendered":"https:\/\/biotifullcosmetic.com\/?post_type=product&#038;p=3800"},"modified":"2026-04-23T12:20:00","modified_gmt":"2026-04-23T12:20:00","slug":"gommage-eclat-a-labricot","status":"publish","type":"product","link":"https:\/\/biotifullcosmetic.com\/en\/product\/gommage-eclat-a-labricot\/","title":{"rendered":"Gommage \u00e9clat \u00e0 l&rsquo;abricot"},"content":{"rendered":"<p><span data-sheets-root=\"1\">Le Gommage \u00c9clat \u00e0 l&rsquo;Abricot transforme l&rsquo;exfoliation en un moment sensoriel et hautement efficace. Sa texture cr\u00e9meuse, enrichie en micro-granulants 100% d&rsquo;origine naturelle, nettoie la peau en profondeur et \u00e9limine les cellules mortes sans agresser l&rsquo;\u00e9piderme. Ce soin unique pr\u00e9pare la peau \u00e0 recevoir vos soins quotidiens, pour un teint imm\u00e9diatement plus lisse, plus lumineux et rayonnant.<\/span><\/p>\n<p>At the heart of this dual action, Glycolic Acid reveals its full expertise for deep cellular exfoliation. This renowned active works in synergy with natural exfoliating particles to refine skin texture, fade imperfections, and even out the complexion. Its targeted action respects the skin's balance while stimulating cell renewal for restored clarity.<\/p>\n<p>To complete this comprehensive approach, soothing and nourishing agents work to protect and regenerate the epidermis, while hydrating active ingredients help preserve the skin's youthful vitality. Its fine texture leaves the skin exceptionally soft, purified, and visibly more luminous\u2014ready to reveal its natural radiance.<\/p>","protected":false},"excerpt":{"rendered":"<p><span data-sheets-root=\"1\">Le Gommage \u00c9clat \u00e0 l&rsquo;Abricot transforme l&rsquo;exfoliation en un moment sensoriel et hautement efficace.<\/span><\/p>","protected":false},"featured_media":6080,"comment_status":"open","ping_status":"closed","template":"","meta":{"om_disable_all_campaigns":false},"product_brand":[],"product_cat":[47],"product_tag":[77,76],"class_list":{"0":"post-3800","1":"product","2":"type-product","3":"status-publish","4":"has-post-thumbnail","6":"product_cat-gommage","7":"product_tag-desquamantes","8":"product_tag-gommant","10":"first","11":"instock","12":"purchasable","13":"product-type-simple"},"aioseo_notices":[],"_links":{"self":[{"href":"https:\/\/biotifullcosmetic.com\/en\/wp-json\/wp\/v2\/product\/3800","targetHints":{"allow":["GET"]}}],"collection":[{"href":"https:\/\/biotifullcosmetic.com\/en\/wp-json\/wp\/v2\/product"}],"about":[{"href":"https:\/\/biotifullcosmetic.com\/en\/wp-json\/wp\/v2\/types\/product"}],"replies":[{"embeddable":true,"href":"https:\/\/biotifullcosmetic.com\/en\/wp-json\/wp\/v2\/comments?post=3800"}],"version-history":[{"count":3,"href":"https:\/\/biotifullcosmetic.com\/en\/wp-json\/wp\/v2\/product\/3800\/revisions"}],"predecessor-version":[{"id":6079,"href":"https:\/\/biotifullcosmetic.com\/en\/wp-json\/wp\/v2\/product\/3800\/revisions\/6079"}],"wp:featuredmedia":[{"embeddable":true,"href":"https:\/\/biotifullcosmetic.com\/en\/wp-json\/wp\/v2\/media\/6080"}],"wp:attachment":[{"href":"https:\/\/biotifullcosmetic.com\/en\/wp-json\/wp\/v2\/media?parent=3800"}],"wp:term":[{"taxonomy":"product_brand","embeddable":true,"href":"https:\/\/biotifullcosmetic.com\/en\/wp-json\/wp\/v2\/product_brand?post=3800"},{"taxonomy":"product_cat","embeddable":true,"href":"https:\/\/biotifullcosmetic.com\/en\/wp-json\/wp\/v2\/product_cat?post=3800"},{"taxonomy":"product_tag","embeddable":true,"href":"https:\/\/biotifullcosmetic.com\/en\/wp-json\/wp\/v2\/product_tag?post=3800"}],"curies":[{"name":"wp","href":"https:\/\/api.w.org\/{rel}","templated":true}]}}