{"id":3829,"date":"2025-09-23T16:43:27","date_gmt":"2025-09-23T16:43:27","guid":{"rendered":"https:\/\/biotifullcosmetic.com\/?post_type=product&#038;p=3829"},"modified":"2026-04-23T15:18:12","modified_gmt":"2026-04-23T15:18:12","slug":"dween-ananas-vitaminec","status":"publish","type":"product","link":"https:\/\/biotifullcosmetic.com\/en\/product\/dween-ananas-vitaminec\/","title":{"rendered":"Dween Ananas-Vitamine C"},"content":{"rendered":"<p><span data-sheets-root=\"1\">Dween Ananas-Vitamine C r\u00e9invente le rituel du gommage en alliant la gourmandise d\u2019un parfum tropical \u00e0 l\u2019efficacit\u00e9 d\u2019une formule enrichie. Sa texture onctueuse aux micro-granulants d\u2019origine naturelle, \u00e9limine d\u00e9licatement les cellules mortes et impuret\u00e9s tout en apportant un \u00e9clat imm\u00e9diat \u00e0 la peau. Chaque geste devient un moment de pure sensation, laissant l\u2019\u00e9piderme satin\u00e9, frais et pr\u00eat \u00e0 recevoir vos soins.<\/span><\/p>\n<p>At the heart of this sensory experience, pure Vitamin C acts as an exceptional active ingredient, renowned for its illuminating and evening powers. It works in synergy with gentle exfoliating agents to fade dark spots, refine skin texture, and reveal a radiant, even-toned complexion. Its antioxidant action reinforces skin vitality and prepares the skin to glow from within.<\/p>\n<p>To complete this radiant ritual, nourishing and protective ingredients work to soften, hydrate, and preserve the skin's suppleness. Its non-abrasive, non-greasy formula leaves behind an extreme sensation of softness and visibly regenerated skin that is brighter and glowing with health.<\/p>","protected":false},"excerpt":{"rendered":"<p><span data-sheets-root=\"1\">Dween Ananas-Vitamine C r\u00e9invente le rituel du gommage en alliant la gourmandise d\u2019un parfum tropical \u00e0 l\u2019efficacit\u00e9 d\u2019une formule enrichie<\/span><\/p>","protected":false},"featured_media":5099,"comment_status":"open","ping_status":"closed","template":"","meta":{"om_disable_all_campaigns":false},"product_brand":[116],"product_cat":[47],"product_tag":[77,67,78,76],"class_list":{"0":"post-3829","1":"product","2":"type-product","3":"status-publish","4":"has-post-thumbnail","6":"product_brand-dween","7":"product_cat-gommage","8":"product_tag-desquamantes","9":"product_tag-eclaircissant","10":"product_tag-exfoliant","11":"product_tag-gommant","13":"first","14":"instock","15":"purchasable","16":"product-type-simple"},"aioseo_notices":[],"_links":{"self":[{"href":"https:\/\/biotifullcosmetic.com\/en\/wp-json\/wp\/v2\/product\/3829","targetHints":{"allow":["GET"]}}],"collection":[{"href":"https:\/\/biotifullcosmetic.com\/en\/wp-json\/wp\/v2\/product"}],"about":[{"href":"https:\/\/biotifullcosmetic.com\/en\/wp-json\/wp\/v2\/types\/product"}],"replies":[{"embeddable":true,"href":"https:\/\/biotifullcosmetic.com\/en\/wp-json\/wp\/v2\/comments?post=3829"}],"version-history":[{"count":2,"href":"https:\/\/biotifullcosmetic.com\/en\/wp-json\/wp\/v2\/product\/3829\/revisions"}],"predecessor-version":[{"id":6103,"href":"https:\/\/biotifullcosmetic.com\/en\/wp-json\/wp\/v2\/product\/3829\/revisions\/6103"}],"wp:featuredmedia":[{"embeddable":true,"href":"https:\/\/biotifullcosmetic.com\/en\/wp-json\/wp\/v2\/media\/5099"}],"wp:attachment":[{"href":"https:\/\/biotifullcosmetic.com\/en\/wp-json\/wp\/v2\/media?parent=3829"}],"wp:term":[{"taxonomy":"product_brand","embeddable":true,"href":"https:\/\/biotifullcosmetic.com\/en\/wp-json\/wp\/v2\/product_brand?post=3829"},{"taxonomy":"product_cat","embeddable":true,"href":"https:\/\/biotifullcosmetic.com\/en\/wp-json\/wp\/v2\/product_cat?post=3829"},{"taxonomy":"product_tag","embeddable":true,"href":"https:\/\/biotifullcosmetic.com\/en\/wp-json\/wp\/v2\/product_tag?post=3829"}],"curies":[{"name":"wp","href":"https:\/\/api.w.org\/{rel}","templated":true}]}}