{"id":3832,"date":"2025-09-23T16:56:15","date_gmt":"2025-09-23T16:56:15","guid":{"rendered":"https:\/\/biotifullcosmetic.com\/?post_type=product&#038;p=3832"},"modified":"2026-04-23T12:17:47","modified_gmt":"2026-04-23T12:17:47","slug":"creme-corporelle-nutritive-reparatrice","status":"publish","type":"product","link":"https:\/\/biotifullcosmetic.com\/en\/product\/creme-corporelle-nutritive-reparatrice\/","title":{"rendered":"Cr\u00e8me Corporelle R\u00e9paratrice Nutritive"},"content":{"rendered":"<div data-elementor-type=\"wp-post\" data-elementor-id=\"3832\" class=\"elementor elementor-3832\" data-elementor-post-type=\"product\">\n\t\t\t\t<div class=\"elementor-element elementor-element-a0cad11 e-flex e-con-boxed e-con e-parent\" data-id=\"a0cad11\" data-element_type=\"container\" data-e-type=\"container\">\n\t\t\t\t\t<div class=\"e-con-inner\">\n\t\t\t\t<div class=\"elementor-element elementor-element-3da2ff3a elementor-widget elementor-widget-text-editor\" data-id=\"3da2ff3a\" data-element_type=\"widget\" data-e-type=\"widget\" data-widget_type=\"text-editor.default\">\n\t\t\t\t\t\t\t\t\t<p>Cette Cr\u00e8me Corporelle R\u00e9paratrice Nutritive intensif s&rsquo;articule autour d&rsquo;un trio d&rsquo;actifs cibl\u00e9s. L&rsquo;alliance du Bisabolol, qui apaise instantan\u00e9ment les irritations et les tiraillements, et du Panth\u00e9nol, qui stimule la r\u00e9g\u00e9n\u00e9ration et renforce la barri\u00e8re cutan\u00e9e, agit en synergie pour offrir un confort imm\u00e9diat sur les zones rugueuses ou sensibles du corps.<\/p><p>Capryl Triglyceride, a lightweight emollient of natural origin, nourishes the skin deeply without leaving a greasy film. It forms a non-sticky hydrolipidic shield that prevents dehydration and durably softens the epidermis, even on elbows, knees, and other rough areas.<\/p><p>The result is soft, even, and resilient skin. Ideal for dry or sensitive skin, or skin exposed to harsh conditions (friction, cold, frequent showers), this treatment provides long-lasting hydration and comprehensive repair, leaving skin supple, soothed, and comfortable all day long.<\/p>\t\t\t\t\t\t\t\t<\/div>\n\t\t\t\t\t<\/div>\n\t\t\t\t<\/div>\n\t\t\t\t<\/div>","protected":false},"excerpt":{"rendered":"<p>Cette Cr\u00e8me Corporelle R\u00e9paratrice Nutritive intensif s&rsquo;articule autour d&rsquo;un trio d&rsquo;actifs cibl\u00e9s.<\/p>","protected":false},"featured_media":6043,"comment_status":"open","ping_status":"closed","template":"","meta":{"om_disable_all_campaigns":false},"product_brand":[57],"product_cat":[45],"product_tag":[59],"class_list":{"0":"post-3832","1":"product","2":"type-product","3":"status-publish","4":"has-post-thumbnail","6":"product_brand-nutritive","7":"product_cat-creme-corporelle","8":"product_tag-reparateur","10":"first","11":"instock","12":"purchasable","13":"product-type-simple"},"aioseo_notices":[],"_links":{"self":[{"href":"https:\/\/biotifullcosmetic.com\/en\/wp-json\/wp\/v2\/product\/3832","targetHints":{"allow":["GET"]}}],"collection":[{"href":"https:\/\/biotifullcosmetic.com\/en\/wp-json\/wp\/v2\/product"}],"about":[{"href":"https:\/\/biotifullcosmetic.com\/en\/wp-json\/wp\/v2\/types\/product"}],"replies":[{"embeddable":true,"href":"https:\/\/biotifullcosmetic.com\/en\/wp-json\/wp\/v2\/comments?post=3832"}],"version-history":[{"count":8,"href":"https:\/\/biotifullcosmetic.com\/en\/wp-json\/wp\/v2\/product\/3832\/revisions"}],"predecessor-version":[{"id":6056,"href":"https:\/\/biotifullcosmetic.com\/en\/wp-json\/wp\/v2\/product\/3832\/revisions\/6056"}],"wp:featuredmedia":[{"embeddable":true,"href":"https:\/\/biotifullcosmetic.com\/en\/wp-json\/wp\/v2\/media\/6043"}],"wp:attachment":[{"href":"https:\/\/biotifullcosmetic.com\/en\/wp-json\/wp\/v2\/media?parent=3832"}],"wp:term":[{"taxonomy":"product_brand","embeddable":true,"href":"https:\/\/biotifullcosmetic.com\/en\/wp-json\/wp\/v2\/product_brand?post=3832"},{"taxonomy":"product_cat","embeddable":true,"href":"https:\/\/biotifullcosmetic.com\/en\/wp-json\/wp\/v2\/product_cat?post=3832"},{"taxonomy":"product_tag","embeddable":true,"href":"https:\/\/biotifullcosmetic.com\/en\/wp-json\/wp\/v2\/product_tag?post=3832"}],"curies":[{"name":"wp","href":"https:\/\/api.w.org\/{rel}","templated":true}]}}