{"id":3838,"date":"2025-09-25T12:32:35","date_gmt":"2025-09-25T12:32:35","guid":{"rendered":"https:\/\/biotifullcosmetic.com\/?post_type=product&#038;p=3838"},"modified":"2026-04-23T15:41:07","modified_gmt":"2026-04-23T15:41:07","slug":"huile-de-ricin","status":"publish","type":"product","link":"https:\/\/biotifullcosmetic.com\/en\/product\/huile-de-ricin\/","title":{"rendered":"Huile V\u00e9g\u00e9tale Ricin"},"content":{"rendered":"<p><span data-sheets-root=\"1\">L&rsquo;huile V\u00e9g\u00e9tale Ricin est une huile non alimentaire, parfois appel\u00e9e de fa\u00e7on impropre \u00ab huile de castor \u00bb par anglicisme, obtenue \u00e0 partir des graines de ricin. C\u2019est une huile v\u00e9g\u00e9tale naturelle qui est extraite des graines de la Ricinus communis ou de la plante de ricin.<\/span><\/p>\n<p><span data-sheets-root=\"1\">Originally native to East Africa, the southeastern Mediterranean, and India, it can now also be found in the Caribbean and other tropical regions. Its color ranges from colorless to very light yellow. This oil, with its thick and viscous texture, is also used to soften and repair damaged skin. <\/span><\/p>\n<p><span data-sheets-root=\"1\">Extremely rich in fatty acids, castor oil provides deep and long-lasting hydration to the skin. It is an ally for dry skin, helping to restore a smooth and soft complexion.<br \/>\nFor the body, add a few drops to your bath. The heat will open your pores, enhancing the oil's effects. This will leave your skin feeling soft and deeply nourished. <\/span><\/p>\n<p><span data-sheets-root=\"1\">Its ricinoleic acid helps soothe the epidermis from itching and discomfort. Indeed, it aids in calming skin infections such as eczema and in repairing skin damaged by irritation or burns. <\/span><\/p>\n<p><span data-sheets-root=\"1\">Indeed, it helps soothe skin infections like eczema and repairs skin damaged by irritation or burns. Additionally, stretch marks are the result of rapid skin stretching and\/or hormonal changes, meaning they can affect all women. It is often said that they will never disappear, and these scars are truly unwelcome.<br \/>\nCastor oil is an excellent ally in this case, as it is one of the oils richest in essential fatty acids. It can help reduce the appearance of up to 75% of stretch marks. It is also known to strengthen and lengthen eyelashes and eyebrows, as well as nails, thanks to the vitamin E and ricinoleic acid it contains.<\/span><\/p>","protected":false},"excerpt":{"rendered":"<p><span data-sheets-root=\"1\">Huile v\u00e9g\u00e9tale naturelle qui est extraite des graines de la Ricinus Communis ou de la plante de ricin.<\/span><\/p>","protected":false},"featured_media":5043,"comment_status":"open","ping_status":"closed","template":"","meta":{"om_disable_all_campaigns":false},"product_brand":[],"product_cat":[138],"product_tag":[63,74,59],"class_list":{"0":"post-3838","1":"product","2":"type-product","3":"status-publish","4":"has-post-thumbnail","6":"product_cat-huile-corporelle","7":"product_tag-hydratant","8":"product_tag-peaux-striees","9":"product_tag-reparateur","11":"first","12":"instock","13":"purchasable","14":"product-type-simple"},"aioseo_notices":[],"_links":{"self":[{"href":"https:\/\/biotifullcosmetic.com\/en\/wp-json\/wp\/v2\/product\/3838","targetHints":{"allow":["GET"]}}],"collection":[{"href":"https:\/\/biotifullcosmetic.com\/en\/wp-json\/wp\/v2\/product"}],"about":[{"href":"https:\/\/biotifullcosmetic.com\/en\/wp-json\/wp\/v2\/types\/product"}],"replies":[{"embeddable":true,"href":"https:\/\/biotifullcosmetic.com\/en\/wp-json\/wp\/v2\/comments?post=3838"}],"version-history":[{"count":2,"href":"https:\/\/biotifullcosmetic.com\/en\/wp-json\/wp\/v2\/product\/3838\/revisions"}],"predecessor-version":[{"id":6100,"href":"https:\/\/biotifullcosmetic.com\/en\/wp-json\/wp\/v2\/product\/3838\/revisions\/6100"}],"wp:featuredmedia":[{"embeddable":true,"href":"https:\/\/biotifullcosmetic.com\/en\/wp-json\/wp\/v2\/media\/5043"}],"wp:attachment":[{"href":"https:\/\/biotifullcosmetic.com\/en\/wp-json\/wp\/v2\/media?parent=3838"}],"wp:term":[{"taxonomy":"product_brand","embeddable":true,"href":"https:\/\/biotifullcosmetic.com\/en\/wp-json\/wp\/v2\/product_brand?post=3838"},{"taxonomy":"product_cat","embeddable":true,"href":"https:\/\/biotifullcosmetic.com\/en\/wp-json\/wp\/v2\/product_cat?post=3838"},{"taxonomy":"product_tag","embeddable":true,"href":"https:\/\/biotifullcosmetic.com\/en\/wp-json\/wp\/v2\/product_tag?post=3838"}],"curies":[{"name":"wp","href":"https:\/\/api.w.org\/{rel}","templated":true}]}}