{"id":3839,"date":"2025-09-25T12:45:39","date_gmt":"2025-09-25T12:45:39","guid":{"rendered":"https:\/\/biotifullcosmetic.com\/?post_type=product&#038;p=3839"},"modified":"2026-04-23T15:40:03","modified_gmt":"2026-04-23T15:40:03","slug":"huile-de-ricin-2","status":"publish","type":"product","link":"https:\/\/biotifullcosmetic.com\/en\/product\/huile-de-ricin-2\/","title":{"rendered":"Huile V\u00e9g\u00e9tale de Jojoba"},"content":{"rendered":"<p><span data-sheets-root=\"1\">L\u2019huile V\u00e9g\u00e9tale de Jojoba est une huile unique, proche du s\u00e9bum humain, qui hydrate, r\u00e9gule le s\u00e9bum, prot\u00e8ge et r\u00e9pare la peau, convenant \u00e0 tous les types de peau, avec des propri\u00e9t\u00e9s anti-\u00e2ge et apaisantes.<br \/>\n<\/span><\/p>\n<p><span data-sheets-root=\"1\">In fact, it is a liquid wax extracted from the seeds of a North American shrub, primarily cultivated in the desert regions of the southwestern United States and Mexico. It is rich in waxy esters, monounsaturated fatty acids (notably omega-9), vitamins A, B, C, D, E, and K, as well as powerful antioxidants like vitamin E.<\/span><\/p>\n<p><span data-sheets-root=\"1\"><br \/>\nIts chemical composition, very similar to human sebum, allows it to penetrate the skin easily without greasiness or clogging pores. The oil nourishes and hydrates the skin by strengthening the hydrolipidic film that protects against dehydration. It is quickly absorbed, leaving the skin soft and supple. <\/span><\/p>\n<p><span data-sheets-root=\"1\">Thanks to its similarity to sebum, it helps regulate sebum production, making it an ideal treatment for oily, combination, and acne-prone skin by limiting the appearance of pimples and blackheads. Jojoba oil contains antioxidants that combat free radicals, promote the synthesis of collagen and elastin, helping to firm the skin and reduce wrinkles and fine lines. It soothes irritation, reduces redness and itching, helps relieve conditions such as eczema and psoriasis, and accelerates the healing of skin blemishes.<br \/>\n<\/span><\/p>","protected":false},"excerpt":{"rendered":"<p><span data-sheets-root=\"1\">L\u2019huile V\u00e9g\u00e9tale de Jojoba est une huile unique, proche du s\u00e9bum humain, qui hydrate, r\u00e9gule le s\u00e9bum, prot\u00e8ge et r\u00e9pare la peau<\/span><\/p>","protected":false},"featured_media":5040,"comment_status":"open","ping_status":"closed","template":"","meta":{"om_disable_all_campaigns":false},"product_brand":[80],"product_cat":[137],"product_tag":[141,142],"class_list":{"0":"post-3839","1":"product","2":"type-product","3":"status-publish","4":"has-post-thumbnail","6":"product_brand-kit-visage","7":"product_cat-huile-visage","8":"product_tag-huile","9":"product_tag-huile-vegetale","11":"first","12":"instock","13":"purchasable","14":"product-type-simple"},"aioseo_notices":[],"_links":{"self":[{"href":"https:\/\/biotifullcosmetic.com\/en\/wp-json\/wp\/v2\/product\/3839","targetHints":{"allow":["GET"]}}],"collection":[{"href":"https:\/\/biotifullcosmetic.com\/en\/wp-json\/wp\/v2\/product"}],"about":[{"href":"https:\/\/biotifullcosmetic.com\/en\/wp-json\/wp\/v2\/types\/product"}],"replies":[{"embeddable":true,"href":"https:\/\/biotifullcosmetic.com\/en\/wp-json\/wp\/v2\/comments?post=3839"}],"version-history":[{"count":2,"href":"https:\/\/biotifullcosmetic.com\/en\/wp-json\/wp\/v2\/product\/3839\/revisions"}],"predecessor-version":[{"id":5768,"href":"https:\/\/biotifullcosmetic.com\/en\/wp-json\/wp\/v2\/product\/3839\/revisions\/5768"}],"wp:featuredmedia":[{"embeddable":true,"href":"https:\/\/biotifullcosmetic.com\/en\/wp-json\/wp\/v2\/media\/5040"}],"wp:attachment":[{"href":"https:\/\/biotifullcosmetic.com\/en\/wp-json\/wp\/v2\/media?parent=3839"}],"wp:term":[{"taxonomy":"product_brand","embeddable":true,"href":"https:\/\/biotifullcosmetic.com\/en\/wp-json\/wp\/v2\/product_brand?post=3839"},{"taxonomy":"product_cat","embeddable":true,"href":"https:\/\/biotifullcosmetic.com\/en\/wp-json\/wp\/v2\/product_cat?post=3839"},{"taxonomy":"product_tag","embeddable":true,"href":"https:\/\/biotifullcosmetic.com\/en\/wp-json\/wp\/v2\/product_tag?post=3839"}],"curies":[{"name":"wp","href":"https:\/\/api.w.org\/{rel}","templated":true}]}}