{"id":3843,"date":"2025-09-25T13:01:33","date_gmt":"2025-09-25T13:01:33","guid":{"rendered":"https:\/\/biotifullcosmetic.com\/?post_type=product&#038;p=3843"},"modified":"2026-04-23T18:55:56","modified_gmt":"2026-04-23T18:55:56","slug":"serum-0-imperfections","status":"publish","type":"product","link":"https:\/\/biotifullcosmetic.com\/en\/product\/serum-0-imperfections\/","title":{"rendered":"S\u00e9rum 0 Imperfections"},"content":{"rendered":"<p><span data-sheets-root=\"1\">Le S\u00e9rum 0 Imperfections est un soin cibl\u00e9 \u00e0 l&rsquo;acide salicylique, sp\u00e9cialement formul\u00e9 pour lutter contre les imperfections. L\u2019acide salicylique est un actif exfoliant, anti-inflammatoire et antibact\u00e9rien qui nettoie en profondeur la peau, d\u00e9sobstrue les pores et lutte efficacement contre les imperfections, notamment pour les peaux grasses et \u00e0 tendance acn\u00e9ique.<br \/>\nC\u2019est un acide b\u00eata-hydroxyl\u00e9 (BHA), d\u2019origine naturelle (notamment extrait de l\u2019\u00e9corce de saule) ou synth\u00e9tique. Il est liposoluble,car il peut p\u00e9n\u00e9trer profond\u00e9ment dans les pores, dissolvant le s\u00e9bum et les cellules mortes accumul\u00e9es. Il agit donc en exfoliant la surface de la peau et en nettoyant en profondeur. Il \u00e9limine les cellules mortes de l\u2019\u00e9piderme, favorisant un renouvellement cellulaire plus rapide, pr\u00e9vient et r\u00e9duit les points noirs, com\u00e9dons, et boutons. Il aide \u00e0 \u00e9quilibrer la production de s\u00e9bum, \u00e9vitant l\u2019aspect gras et les brillances excessives. Calme les rougeurs et irritations, ce qui en fait un alli\u00e9 pour les peaux \u00e0 tendance acn\u00e9ique ou sensibles. Il stimule le renouvellement des cellules cutan\u00e9es et aide \u00e0 att\u00e9nuer rides, ridules et taches brunes li\u00e9es \u00e0 l\u2019\u00e2ge.<br \/>\nPour les peaux grasses et \u00e0 tendance acn\u00e9ique il est Id\u00e9al pour purifier, r\u00e9guler le s\u00e9bum et r\u00e9duire les imperfections.<br \/>\nPour les peaux mixtes il peut \u00eatre utilis\u00e9 mod\u00e9r\u00e9ment pour \u00e9quilibrer les zones grasses tout en exfoliant en douceur les zones plus s\u00e8ches.<br \/>\nPour les peaux sensibles il est possible de l&rsquo;utiliser, mais avec prudence et \u00e0 faible concentration, en surveillant la tol\u00e9rance de la peau. Ce s\u00e9rum laisse la peau plus lisse, plus claire et visiblement revitalis\u00e9e au r\u00e9veil. Une v\u00e9ritable arme contre les imperfections pour une peau saine et radieuse<\/span><\/p>","protected":false},"excerpt":{"rendered":"<p><span data-sheets-root=\"1\">Le S\u00e9rum 0 Imperfections est un soin cibl\u00e9 \u00e0 l&rsquo;acide salicylique, sp\u00e9cialement formul\u00e9 pour lutter contre les imperfections.<\/span><\/p>","protected":false},"featured_media":5673,"comment_status":"open","ping_status":"closed","template":"","meta":{"om_disable_all_campaigns":false},"product_brand":[],"product_cat":[40],"product_tag":[85,86],"class_list":{"0":"post-3843","1":"product","2":"type-product","3":"status-publish","4":"has-post-thumbnail","6":"product_cat-serum","7":"product_tag-kystique","8":"product_tag-peau-irritee","10":"first","11":"instock","12":"purchasable","13":"product-type-simple"},"aioseo_notices":[],"_links":{"self":[{"href":"https:\/\/biotifullcosmetic.com\/en\/wp-json\/wp\/v2\/product\/3843","targetHints":{"allow":["GET"]}}],"collection":[{"href":"https:\/\/biotifullcosmetic.com\/en\/wp-json\/wp\/v2\/product"}],"about":[{"href":"https:\/\/biotifullcosmetic.com\/en\/wp-json\/wp\/v2\/types\/product"}],"replies":[{"embeddable":true,"href":"https:\/\/biotifullcosmetic.com\/en\/wp-json\/wp\/v2\/comments?post=3843"}],"version-history":[{"count":4,"href":"https:\/\/biotifullcosmetic.com\/en\/wp-json\/wp\/v2\/product\/3843\/revisions"}],"predecessor-version":[{"id":4950,"href":"https:\/\/biotifullcosmetic.com\/en\/wp-json\/wp\/v2\/product\/3843\/revisions\/4950"}],"wp:featuredmedia":[{"embeddable":true,"href":"https:\/\/biotifullcosmetic.com\/en\/wp-json\/wp\/v2\/media\/5673"}],"wp:attachment":[{"href":"https:\/\/biotifullcosmetic.com\/en\/wp-json\/wp\/v2\/media?parent=3843"}],"wp:term":[{"taxonomy":"product_brand","embeddable":true,"href":"https:\/\/biotifullcosmetic.com\/en\/wp-json\/wp\/v2\/product_brand?post=3843"},{"taxonomy":"product_cat","embeddable":true,"href":"https:\/\/biotifullcosmetic.com\/en\/wp-json\/wp\/v2\/product_cat?post=3843"},{"taxonomy":"product_tag","embeddable":true,"href":"https:\/\/biotifullcosmetic.com\/en\/wp-json\/wp\/v2\/product_tag?post=3843"}],"curies":[{"name":"wp","href":"https:\/\/api.w.org\/{rel}","templated":true}]}}