{"id":3878,"date":"2025-09-25T14:58:59","date_gmt":"2025-09-25T14:58:59","guid":{"rendered":"https:\/\/biotifullcosmetic.com\/?post_type=product&#038;p=3878"},"modified":"2026-04-15T08:38:13","modified_gmt":"2026-04-15T08:38:13","slug":"herbal-miel","status":"publish","type":"product","link":"https:\/\/biotifullcosmetic.com\/en\/product\/herbal-miel\/","title":{"rendered":"Savon noir Herbal Miel"},"content":{"rendered":"<p><span data-sheets-root=\"1\">Le Savon noir Herbal Miel artisanal incarne la quintessence des bienfaits de la ruche et du jardin. Sa formulation unique transforme le geste quotidien du lavage en un rituel de soin enveloppant et nourrissant. La mousse onctueuse, au parfum chaleureux et bois\u00e9, nettoie la peau en profondeur tout en pr\u00e9servant son hydrolipidique naturel pour une sensation de propret\u00e9 sans tiraillement.<\/span><\/p>\n<p>The richness of this soap draws its essence from raw honey, an ancestral ingredient with multiple virtues. Naturally rich in antioxidants and antibacterial properties, it works in synergy with botanical powders to soften, nourish, and soothe even the most sensitive skin. This unique blend helps maintain skin hydration while brightening the complexion for a natural, healthy glow.<\/p>\n<p>To complete this exceptional composition, nourishing vegetable butters and selected spices work to reinforce the skin's barrier and stimulate microcirculation. The result is perfectly cleansed skin that is exceptionally soft and velvety, enveloped in a delightful fragrance reminiscent of herb gardens and the sweetness of fresh honey. Suitable for the whole family, this soap becomes a staple for your bathroom.<\/p>","protected":false},"excerpt":{"rendered":"<p><span data-sheets-root=\"1\">Le Savon noir Herbal Miel artisanal incarne la quintessence des bienfaits de la ruche et du jardin.<\/span><\/p>","protected":false},"featured_media":5758,"comment_status":"open","ping_status":"closed","template":"","meta":{"om_disable_all_campaigns":false},"product_brand":[],"product_cat":[49],"product_tag":[90],"class_list":{"0":"post-3878","1":"product","2":"type-product","3":"status-publish","4":"has-post-thumbnail","6":"product_cat-savon","7":"product_tag-lavants-doux","9":"first","10":"instock","11":"purchasable","12":"product-type-simple"},"aioseo_notices":[],"_links":{"self":[{"href":"https:\/\/biotifullcosmetic.com\/en\/wp-json\/wp\/v2\/product\/3878","targetHints":{"allow":["GET"]}}],"collection":[{"href":"https:\/\/biotifullcosmetic.com\/en\/wp-json\/wp\/v2\/product"}],"about":[{"href":"https:\/\/biotifullcosmetic.com\/en\/wp-json\/wp\/v2\/types\/product"}],"replies":[{"embeddable":true,"href":"https:\/\/biotifullcosmetic.com\/en\/wp-json\/wp\/v2\/comments?post=3878"}],"version-history":[{"count":3,"href":"https:\/\/biotifullcosmetic.com\/en\/wp-json\/wp\/v2\/product\/3878\/revisions"}],"predecessor-version":[{"id":6098,"href":"https:\/\/biotifullcosmetic.com\/en\/wp-json\/wp\/v2\/product\/3878\/revisions\/6098"}],"wp:featuredmedia":[{"embeddable":true,"href":"https:\/\/biotifullcosmetic.com\/en\/wp-json\/wp\/v2\/media\/5758"}],"wp:attachment":[{"href":"https:\/\/biotifullcosmetic.com\/en\/wp-json\/wp\/v2\/media?parent=3878"}],"wp:term":[{"taxonomy":"product_brand","embeddable":true,"href":"https:\/\/biotifullcosmetic.com\/en\/wp-json\/wp\/v2\/product_brand?post=3878"},{"taxonomy":"product_cat","embeddable":true,"href":"https:\/\/biotifullcosmetic.com\/en\/wp-json\/wp\/v2\/product_cat?post=3878"},{"taxonomy":"product_tag","embeddable":true,"href":"https:\/\/biotifullcosmetic.com\/en\/wp-json\/wp\/v2\/product_tag?post=3878"}],"curies":[{"name":"wp","href":"https:\/\/api.w.org\/{rel}","templated":true}]}}