{"id":3881,"date":"2025-09-25T15:28:07","date_gmt":"2025-09-25T15:28:07","guid":{"rendered":"https:\/\/biotifullcosmetic.com\/?post_type=product&#038;p=3881"},"modified":"2026-04-23T15:35:09","modified_gmt":"2026-04-23T15:35:09","slug":"fairness-creme-visage-nuit","status":"publish","type":"product","link":"https:\/\/biotifullcosmetic.com\/en\/product\/fairness-creme-visage-nuit\/","title":{"rendered":"Fairness Cr\u00e8me Visage Nuit"},"content":{"rendered":"<p>&nbsp;<\/p>\n<p><span data-sheets-root=\"1\">Fairness Cr\u00e8me Visage Nuit transforme chaque repos en un rituel actif d&rsquo;\u00e9claircissement et de r\u00e9g\u00e9n\u00e9ration. Sa texture riche mais non grasse p\u00e9n\u00e8tre rapidement pour agir en profondeur pendant le sommeil, moment o\u00f9 la peau est la plus r\u00e9ceptive. Sp\u00e9cialement con\u00e7ue pour uniformiser le teint et estomper les taches, elle pr\u00e9pare la peau \u00e0 se r\u00e9veiller plus lumineuse, plus ferme et visiblement repos\u00e9e.<\/span><\/p>\n<p>Its brightening complex relies on the perfect synergy between alpha arbutin and vitamin C, two active ingredients renowned for their effectiveness in unifying the skin tone. Together, they help to fade existing dark spots and prevent the appearance of new pigmentation irregularities. Their targeted and gradual action respects the skin's delicate nature while restoring a complexion of radiant clarity.<\/p>\n<p>To perfect this innovative formula, nourishing and soothing ingredients are included to reinforce the skin's barrier and calm any potential irritation. Upon waking, the face is visibly more even-toned, deeply hydrated, and incredibly soft. Night after night, it recovers its original radiance and youthfulness.<\/p>\n<p>&nbsp;<\/p>","protected":false},"excerpt":{"rendered":"<p><span data-sheets-root=\"1\">Fairness Cr\u00e8me Visage Nuit transforme chaque repos en un rituel actif d&rsquo;\u00e9claircissement et de r\u00e9g\u00e9n\u00e9ration.<\/span><\/p>","protected":false},"featured_media":6535,"comment_status":"open","ping_status":"closed","template":"","meta":{"om_disable_all_campaigns":false},"product_brand":[91],"product_cat":[39],"product_tag":[63],"class_list":{"0":"post-3881","1":"product","2":"type-product","3":"status-publish","4":"has-post-thumbnail","6":"product_brand-fairness","7":"product_cat-creme-nuit","8":"product_tag-hydratant","10":"first","11":"instock","12":"shipping-taxable","13":"purchasable","14":"product-type-simple"},"aioseo_notices":[],"_links":{"self":[{"href":"https:\/\/biotifullcosmetic.com\/en\/wp-json\/wp\/v2\/product\/3881","targetHints":{"allow":["GET"]}}],"collection":[{"href":"https:\/\/biotifullcosmetic.com\/en\/wp-json\/wp\/v2\/product"}],"about":[{"href":"https:\/\/biotifullcosmetic.com\/en\/wp-json\/wp\/v2\/types\/product"}],"replies":[{"embeddable":true,"href":"https:\/\/biotifullcosmetic.com\/en\/wp-json\/wp\/v2\/comments?post=3881"}],"version-history":[{"count":4,"href":"https:\/\/biotifullcosmetic.com\/en\/wp-json\/wp\/v2\/product\/3881\/revisions"}],"predecessor-version":[{"id":6799,"href":"https:\/\/biotifullcosmetic.com\/en\/wp-json\/wp\/v2\/product\/3881\/revisions\/6799"}],"wp:featuredmedia":[{"embeddable":true,"href":"https:\/\/biotifullcosmetic.com\/en\/wp-json\/wp\/v2\/media\/6535"}],"wp:attachment":[{"href":"https:\/\/biotifullcosmetic.com\/en\/wp-json\/wp\/v2\/media?parent=3881"}],"wp:term":[{"taxonomy":"product_brand","embeddable":true,"href":"https:\/\/biotifullcosmetic.com\/en\/wp-json\/wp\/v2\/product_brand?post=3881"},{"taxonomy":"product_cat","embeddable":true,"href":"https:\/\/biotifullcosmetic.com\/en\/wp-json\/wp\/v2\/product_cat?post=3881"},{"taxonomy":"product_tag","embeddable":true,"href":"https:\/\/biotifullcosmetic.com\/en\/wp-json\/wp\/v2\/product_tag?post=3881"}],"curies":[{"name":"wp","href":"https:\/\/api.w.org\/{rel}","templated":true}]}}