{"id":3883,"date":"2025-09-25T15:57:46","date_gmt":"2025-09-25T15:57:46","guid":{"rendered":"https:\/\/biotifullcosmetic.com\/?post_type=product&#038;p=3883"},"modified":"2026-04-23T16:30:42","modified_gmt":"2026-04-23T16:30:42","slug":"serum-unifiant-fairness","status":"publish","type":"product","link":"https:\/\/biotifullcosmetic.com\/en\/product\/serum-unifiant-fairness\/","title":{"rendered":"S\u00e9rum unifiant Fairness"},"content":{"rendered":"<p><span data-sheets-root=\"1\">D\u00e9couvrez le S\u00e9rum Unifiant Fairness, un v\u00e9ritable cocktail d\u2019actifs illuminateurs con\u00e7u pour transformer votre peau en seulement 3 jours. Avec sa formule puissante, ce s\u00e9rum cible efficacement les taches pigmentaires, offrant des r\u00e9sultats visibles et durables. Gr\u00e2ce \u00e0 sa texture l\u00e9g\u00e8re, il p\u00e9n\u00e8tre rapidement et laisse votre peau pr\u00eate \u00e0 rayonner.<\/span><\/p>\n<p>Vitamin C, the star of this formulation, plays a key role in brightening the complexion and reducing imperfections. Combined with other powerful actives such as alpha arbutin, which helps to even out skin tone, and allantoin, known for its soothing and hydrating properties, this serum works in synergy to reveal a luminous and revitalised complexion. Each drop is a step towards a radiant, flawless-looking complexion.<\/p>\n<p>En int\u00e9grant le <span data-sheets-root=\"1\"> S\u00e9rum Unifiant Fairness<\/span> dans votre routine quotidienne, vous profiterez d\u2019un teint unifi\u00e9 et resplendissant de sant\u00e9. Dites adieu aux imperfections et bonjour \u00e0 une peau radieuse et revitalis\u00e9e !<\/p>","protected":false},"excerpt":{"rendered":"<p><span data-sheets-root=\"1\">D\u00e9couvrez le S\u00e9rum Unifiant Fairness, un v\u00e9ritable cocktail d\u2019actifs illuminateurs con\u00e7u pour transformer votre peau en seulement 3 jours.<\/span><\/p>","protected":false},"featured_media":5670,"comment_status":"open","ping_status":"closed","template":"","meta":{"om_disable_all_campaigns":false},"product_brand":[91],"product_cat":[29],"product_tag":[102,101,59],"class_list":{"0":"post-3883","1":"product","2":"type-product","3":"status-publish","4":"has-post-thumbnail","6":"product_brand-fairness","7":"product_cat-soin-corporel","8":"product_tag-apaisant","9":"product_tag-rajeunissants","10":"product_tag-reparateur","12":"first","13":"outofstock","14":"purchasable","15":"product-type-simple"},"aioseo_notices":[],"_links":{"self":[{"href":"https:\/\/biotifullcosmetic.com\/en\/wp-json\/wp\/v2\/product\/3883","targetHints":{"allow":["GET"]}}],"collection":[{"href":"https:\/\/biotifullcosmetic.com\/en\/wp-json\/wp\/v2\/product"}],"about":[{"href":"https:\/\/biotifullcosmetic.com\/en\/wp-json\/wp\/v2\/types\/product"}],"replies":[{"embeddable":true,"href":"https:\/\/biotifullcosmetic.com\/en\/wp-json\/wp\/v2\/comments?post=3883"}],"version-history":[{"count":4,"href":"https:\/\/biotifullcosmetic.com\/en\/wp-json\/wp\/v2\/product\/3883\/revisions"}],"predecessor-version":[{"id":6773,"href":"https:\/\/biotifullcosmetic.com\/en\/wp-json\/wp\/v2\/product\/3883\/revisions\/6773"}],"wp:featuredmedia":[{"embeddable":true,"href":"https:\/\/biotifullcosmetic.com\/en\/wp-json\/wp\/v2\/media\/5670"}],"wp:attachment":[{"href":"https:\/\/biotifullcosmetic.com\/en\/wp-json\/wp\/v2\/media?parent=3883"}],"wp:term":[{"taxonomy":"product_brand","embeddable":true,"href":"https:\/\/biotifullcosmetic.com\/en\/wp-json\/wp\/v2\/product_brand?post=3883"},{"taxonomy":"product_cat","embeddable":true,"href":"https:\/\/biotifullcosmetic.com\/en\/wp-json\/wp\/v2\/product_cat?post=3883"},{"taxonomy":"product_tag","embeddable":true,"href":"https:\/\/biotifullcosmetic.com\/en\/wp-json\/wp\/v2\/product_tag?post=3883"}],"curies":[{"name":"wp","href":"https:\/\/api.w.org\/{rel}","templated":true}]}}