{"id":3884,"date":"2025-09-25T16:11:46","date_gmt":"2025-09-25T16:11:46","guid":{"rendered":"https:\/\/biotifullcosmetic.com\/?post_type=product&#038;p=3884"},"modified":"2026-04-23T15:18:12","modified_gmt":"2026-04-23T15:18:12","slug":"fairness-lait-corporel-jour","status":"publish","type":"product","link":"https:\/\/biotifullcosmetic.com\/en\/product\/fairness-lait-corporel-jour\/","title":{"rendered":"Fairness Lait Corporel Jour"},"content":{"rendered":"<p><span data-sheets-root=\"1\">Transformez votre peau avec Fairness Lait Corporel Jour, une formule ultra l\u00e9g\u00e8re con\u00e7ue pour offrir un confort optimal. Enrichi en acide hyaluronique, panth\u00e9nol et c\u00e9ramides, ce trio d\u2019actifs puissants est un v\u00e9ritable gage d\u2019hydratation intense, garantissant une peau douce et souple pendant 48 heures. Sa texture l\u00e9g\u00e8re p\u00e9n\u00e8tre rapidement, vous laissant une sensation de fra\u00eecheur sans aucune sensation grasse.<\/span><\/p>\n<p>After just 4 days of use, you will notice a significant transformation in your skin. It becomes more radiant, plump, and ultra-fresh, with a revitalised and healthy appearance. Thanks to its innovative formulation, FAIRNESS milk helps restore the skin's barrier, thereby preventing dehydration and making your skin more resilient to external aggressors.<\/p>\n<p>Incorporate the FAIRNESS Hydrating Body Milk into your daily routine and discover the pleasure of perfectly hydrated and revitalised skin.<\/p>","protected":false},"excerpt":{"rendered":"<p><span data-sheets-root=\"1\">Transformez votre peau avec Fairness Lait Corporel Jour, une formule ultra l\u00e9g\u00e8re con\u00e7ue pour offrir un confort optimal.<\/span><\/p>","protected":false},"featured_media":6543,"comment_status":"open","ping_status":"closed","template":"","meta":{"om_disable_all_campaigns":false},"product_brand":[91],"product_cat":[48],"product_tag":[65,59],"class_list":{"0":"post-3884","1":"product","2":"type-product","3":"status-publish","4":"has-post-thumbnail","6":"product_brand-fairness","7":"product_cat-lait-corporel","8":"product_tag-protecteur","9":"product_tag-reparateur","11":"first","12":"instock","13":"purchasable","14":"product-type-simple"},"aioseo_notices":[],"_links":{"self":[{"href":"https:\/\/biotifullcosmetic.com\/en\/wp-json\/wp\/v2\/product\/3884","targetHints":{"allow":["GET"]}}],"collection":[{"href":"https:\/\/biotifullcosmetic.com\/en\/wp-json\/wp\/v2\/product"}],"about":[{"href":"https:\/\/biotifullcosmetic.com\/en\/wp-json\/wp\/v2\/types\/product"}],"replies":[{"embeddable":true,"href":"https:\/\/biotifullcosmetic.com\/en\/wp-json\/wp\/v2\/comments?post=3884"}],"version-history":[{"count":2,"href":"https:\/\/biotifullcosmetic.com\/en\/wp-json\/wp\/v2\/product\/3884\/revisions"}],"predecessor-version":[{"id":5766,"href":"https:\/\/biotifullcosmetic.com\/en\/wp-json\/wp\/v2\/product\/3884\/revisions\/5766"}],"wp:featuredmedia":[{"embeddable":true,"href":"https:\/\/biotifullcosmetic.com\/en\/wp-json\/wp\/v2\/media\/6543"}],"wp:attachment":[{"href":"https:\/\/biotifullcosmetic.com\/en\/wp-json\/wp\/v2\/media?parent=3884"}],"wp:term":[{"taxonomy":"product_brand","embeddable":true,"href":"https:\/\/biotifullcosmetic.com\/en\/wp-json\/wp\/v2\/product_brand?post=3884"},{"taxonomy":"product_cat","embeddable":true,"href":"https:\/\/biotifullcosmetic.com\/en\/wp-json\/wp\/v2\/product_cat?post=3884"},{"taxonomy":"product_tag","embeddable":true,"href":"https:\/\/biotifullcosmetic.com\/en\/wp-json\/wp\/v2\/product_tag?post=3884"}],"curies":[{"name":"wp","href":"https:\/\/api.w.org\/{rel}","templated":true}]}}