{"id":3886,"date":"2025-09-25T16:21:06","date_gmt":"2025-09-25T16:21:06","guid":{"rendered":"https:\/\/biotifullcosmetic.com\/?post_type=product&#038;p=3886"},"modified":"2026-04-23T15:36:56","modified_gmt":"2026-04-23T15:36:56","slug":"oxygen","status":"publish","type":"product","link":"https:\/\/biotifullcosmetic.com\/en\/product\/oxygen\/","title":{"rendered":"S\u00e9rum visage Oxygen"},"content":{"rendered":"<p><span data-sheets-root=\"1\">Votre S\u00e9rum visage Oxygen nouvelle g\u00e9n\u00e9ration capture la vitalit\u00e9 d&rsquo;une peau parfaitement oxyg\u00e9n\u00e9e. Sa texture a\u00e9rienne et fra\u00eeche fond au contact de l&rsquo;\u00e9piderme pour d\u00e9livrer un concentr\u00e9 d&rsquo;actifs qui revitalisent le teint. Imm\u00e9diatement, la peau para\u00eet plus lumineuse, comme revivifi\u00e9e, et retrouve son \u00e9nergie naturelle.<\/span><\/p>\n<p>Its signature ingredient draws its power from polyglutamic acid, an active ingredient with exceptional hydrating properties. A true moisture reservoir, it forms an ultra-lightweight protective film that helps the skin maintain optimal hydration throughout the day. Its action combines with that of ingredients known for their regenerating properties to deliver intense hydration without weighing down the epidermis, leaving the skin incredibly soft and as if able to breathe.<\/p>\n<p>To complete this innovation, nourishing and rebalancing agents work to strengthen the skin's barrier and even out the complexion. The skin is visibly firmer, smoother, and radiant with health. Each application brings you closer to that perfect balance where the skin, freed from impurities, reveals its full natural luminosity.<\/p>\n<p>In just 7 days of use, the results are visible: your face appears more youthful, lifted, and the epidermis is restructured.<\/p>","protected":false},"excerpt":{"rendered":"<p><span data-sheets-root=\"1\">Votre S\u00e9rum visage Oxygen nouvelle g\u00e9n\u00e9ration capture la vitalit\u00e9 d&rsquo;une peau parfaitement oxyg\u00e9n\u00e9e<\/span><\/p>","protected":false},"featured_media":5699,"comment_status":"open","ping_status":"closed","template":"","meta":{"om_disable_all_campaigns":false},"product_brand":[115],"product_cat":[40],"product_tag":[63,101],"class_list":{"0":"post-3886","1":"product","2":"type-product","3":"status-publish","4":"has-post-thumbnail","6":"product_brand-oxygen","7":"product_cat-serum","8":"product_tag-hydratant","9":"product_tag-rajeunissants","11":"first","12":"instock","13":"shipping-taxable","14":"purchasable","15":"product-type-simple"},"aioseo_notices":[],"_links":{"self":[{"href":"https:\/\/biotifullcosmetic.com\/en\/wp-json\/wp\/v2\/product\/3886","targetHints":{"allow":["GET"]}}],"collection":[{"href":"https:\/\/biotifullcosmetic.com\/en\/wp-json\/wp\/v2\/product"}],"about":[{"href":"https:\/\/biotifullcosmetic.com\/en\/wp-json\/wp\/v2\/types\/product"}],"replies":[{"embeddable":true,"href":"https:\/\/biotifullcosmetic.com\/en\/wp-json\/wp\/v2\/comments?post=3886"}],"version-history":[{"count":2,"href":"https:\/\/biotifullcosmetic.com\/en\/wp-json\/wp\/v2\/product\/3886\/revisions"}],"predecessor-version":[{"id":6094,"href":"https:\/\/biotifullcosmetic.com\/en\/wp-json\/wp\/v2\/product\/3886\/revisions\/6094"}],"wp:featuredmedia":[{"embeddable":true,"href":"https:\/\/biotifullcosmetic.com\/en\/wp-json\/wp\/v2\/media\/5699"}],"wp:attachment":[{"href":"https:\/\/biotifullcosmetic.com\/en\/wp-json\/wp\/v2\/media?parent=3886"}],"wp:term":[{"taxonomy":"product_brand","embeddable":true,"href":"https:\/\/biotifullcosmetic.com\/en\/wp-json\/wp\/v2\/product_brand?post=3886"},{"taxonomy":"product_cat","embeddable":true,"href":"https:\/\/biotifullcosmetic.com\/en\/wp-json\/wp\/v2\/product_cat?post=3886"},{"taxonomy":"product_tag","embeddable":true,"href":"https:\/\/biotifullcosmetic.com\/en\/wp-json\/wp\/v2\/product_tag?post=3886"}],"curies":[{"name":"wp","href":"https:\/\/api.w.org\/{rel}","templated":true}]}}