{"id":3931,"date":"2025-09-26T13:03:37","date_gmt":"2025-09-26T13:03:37","guid":{"rendered":"https:\/\/biotifullcosmetic.com\/?post_type=product&#038;p=3931"},"modified":"2026-04-23T15:18:12","modified_gmt":"2026-04-23T15:18:12","slug":"gel-lavant","status":"publish","type":"product","link":"https:\/\/biotifullcosmetic.com\/en\/product\/gel-lavant\/","title":{"rendered":"Gel lavant visage"},"content":{"rendered":"<p><span data-sheets-root=\"1\">Ce Gel lavant visage associe une mousse onctueuse et fra\u00eeche \u00e0 une action nettoyante en profondeur. Sa formule avanc\u00e9e \u00e9limine les impuret\u00e9s et l&rsquo;exc\u00e8s de s\u00e9bum sans alt\u00e9rer le film hydrolipidique de la peau. Con\u00e7u pour les peaux mixtes \u00e0 grasses, il laisse la peau parfaitement nettoy\u00e9e, matifi\u00e9e et pr\u00eate pour les soins suivants.<\/span><\/p>\n<p>Its purifying power lies in the combined action of salicylic acid and vitamin B3. Together, these two strategic active ingredients deeply cleanse pores, regulate excess sebum, and soothe redness. Their unique synergy enables a thorough purification while strengthening the skin's barrier against external aggressors.<\/p>\n<p>To complete this cleansing routine, hydrating and rebalancing agents work to strengthen the skin's resilience and preserve its natural moisture. The fresh, non-drying texture leaves a sensation of absolute cleanliness and lasting freshness, for smooth, clear, and visibly healthier-looking skin.<\/p>","protected":false},"excerpt":{"rendered":"<p><span data-sheets-root=\"1\">Ce Gel lavant visage associe une mousse onctueuse et fra\u00eeche \u00e0 une action nettoyante en profondeur.<\/span><\/p>","protected":false},"featured_media":6545,"comment_status":"open","ping_status":"closed","template":"","meta":{"om_disable_all_campaigns":false},"product_brand":[80],"product_cat":[28],"product_tag":[69,90],"class_list":{"0":"post-3931","1":"product","2":"type-product","3":"status-publish","4":"has-post-thumbnail","6":"product_brand-kit-visage","7":"product_cat-nettoyant-visage","8":"product_tag-lavant","9":"product_tag-lavants-doux","11":"first","12":"instock","13":"purchasable","14":"product-type-simple"},"aioseo_notices":[],"_links":{"self":[{"href":"https:\/\/biotifullcosmetic.com\/en\/wp-json\/wp\/v2\/product\/3931","targetHints":{"allow":["GET"]}}],"collection":[{"href":"https:\/\/biotifullcosmetic.com\/en\/wp-json\/wp\/v2\/product"}],"about":[{"href":"https:\/\/biotifullcosmetic.com\/en\/wp-json\/wp\/v2\/types\/product"}],"replies":[{"embeddable":true,"href":"https:\/\/biotifullcosmetic.com\/en\/wp-json\/wp\/v2\/comments?post=3931"}],"version-history":[{"count":3,"href":"https:\/\/biotifullcosmetic.com\/en\/wp-json\/wp\/v2\/product\/3931\/revisions"}],"predecessor-version":[{"id":6547,"href":"https:\/\/biotifullcosmetic.com\/en\/wp-json\/wp\/v2\/product\/3931\/revisions\/6547"}],"wp:featuredmedia":[{"embeddable":true,"href":"https:\/\/biotifullcosmetic.com\/en\/wp-json\/wp\/v2\/media\/6545"}],"wp:attachment":[{"href":"https:\/\/biotifullcosmetic.com\/en\/wp-json\/wp\/v2\/media?parent=3931"}],"wp:term":[{"taxonomy":"product_brand","embeddable":true,"href":"https:\/\/biotifullcosmetic.com\/en\/wp-json\/wp\/v2\/product_brand?post=3931"},{"taxonomy":"product_cat","embeddable":true,"href":"https:\/\/biotifullcosmetic.com\/en\/wp-json\/wp\/v2\/product_cat?post=3931"},{"taxonomy":"product_tag","embeddable":true,"href":"https:\/\/biotifullcosmetic.com\/en\/wp-json\/wp\/v2\/product_tag?post=3931"}],"curies":[{"name":"wp","href":"https:\/\/api.w.org\/{rel}","templated":true}]}}