{"id":3932,"date":"2025-09-26T13:10:58","date_gmt":"2025-09-26T13:10:58","guid":{"rendered":"https:\/\/biotifullcosmetic.com\/?post_type=product&#038;p=3932"},"modified":"2026-04-23T12:04:55","modified_gmt":"2026-04-23T12:04:55","slug":"mousse-traitantante-antibacterien-curacne","status":"publish","type":"product","link":"https:\/\/biotifullcosmetic.com\/en\/product\/mousse-traitantante-antibacterien-curacne\/","title":{"rendered":"Mousse traitante antibact\u00e9rienne Curacn\u00e9"},"content":{"rendered":"<p><span data-sheets-root=\"1\">D\u00e9couvrez la Mousse traitante antibact\u00e9rienne CURACNE, sp\u00e9cialement formul\u00e9e pour les peaux sujettes aux imperfections. Au c\u0153ur de sa composition, l\u2019acide salicylique agit comme l\u2019ingr\u00e9dient phare des soins anti-imperfections. Cet acide p\u00e9n\u00e8tre en profondeur pour purger les pores obstru\u00e9s, r\u00e9duisant ainsi les \u00e9ruptions cutan\u00e9es et pr\u00e9venant leur r\u00e9apparition. Associ\u00e9e \u00e0 des extraits de Tea tree, reconnue pour ses propri\u00e9t\u00e9s antibact\u00e9riennes, et au panth\u00e9nol, qui apaise et hydrate, cette mousse offre une action purifiante tout en pr\u00e9servant la douceur de votre peau.<\/span><\/p>\n<p>The foam's light, airy texture enables a deep cleanse, effectively removing impurities and excess sebum. Unlike other cleansers that can strip the skin, CURACNE Foam maintains hydration thanks to the nourishing properties of panthenol. Panthenol also helps calm irritation and balance the complexion, promoting clearer, more even-looking skin. Each application leaves you with a refreshing sensation\u2014your face purified and revitalized, ready to take on the day.<\/p>\n<p>By incorporating the CURACNE Facial Foam into your daily skincare routine, you give your skin the treatment it deserves. Its targeted and effective formula is ideal for those battling blemishes while wanting to maintain healthy, hydrated skin. Easy to use, this foam quickly becomes a must-have for radiant, balanced skin. Don't wait any longer to transform your beauty routine and rediscover the confidence that comes with purified, revitalized skin.<\/p>","protected":false},"excerpt":{"rendered":"<p><span data-sheets-root=\"1\">D\u00e9couvrez la Mousse traitante antibact\u00e9rienne Curacn\u00e9, sp\u00e9cialement formul\u00e9e pour les peaux sujettes aux imperfections.<\/span><\/p>","protected":false},"featured_media":6086,"comment_status":"open","ping_status":"closed","template":"","meta":{"om_disable_all_campaigns":false},"product_brand":[92],"product_cat":[28],"product_tag":[93,106,103],"class_list":{"0":"post-3932","1":"product","2":"type-product","3":"status-publish","4":"has-post-thumbnail","6":"product_brand-curacne","7":"product_cat-nettoyant-visage","8":"product_tag-acneique","9":"product_tag-sensible","10":"product_tag-traitant","12":"first","13":"instock","14":"shipping-taxable","15":"purchasable","16":"product-type-simple"},"aioseo_notices":[],"_links":{"self":[{"href":"https:\/\/biotifullcosmetic.com\/en\/wp-json\/wp\/v2\/product\/3932","targetHints":{"allow":["GET"]}}],"collection":[{"href":"https:\/\/biotifullcosmetic.com\/en\/wp-json\/wp\/v2\/product"}],"about":[{"href":"https:\/\/biotifullcosmetic.com\/en\/wp-json\/wp\/v2\/types\/product"}],"replies":[{"embeddable":true,"href":"https:\/\/biotifullcosmetic.com\/en\/wp-json\/wp\/v2\/comments?post=3932"}],"version-history":[{"count":4,"href":"https:\/\/biotifullcosmetic.com\/en\/wp-json\/wp\/v2\/product\/3932\/revisions"}],"predecessor-version":[{"id":5217,"href":"https:\/\/biotifullcosmetic.com\/en\/wp-json\/wp\/v2\/product\/3932\/revisions\/5217"}],"wp:featuredmedia":[{"embeddable":true,"href":"https:\/\/biotifullcosmetic.com\/en\/wp-json\/wp\/v2\/media\/6086"}],"wp:attachment":[{"href":"https:\/\/biotifullcosmetic.com\/en\/wp-json\/wp\/v2\/media?parent=3932"}],"wp:term":[{"taxonomy":"product_brand","embeddable":true,"href":"https:\/\/biotifullcosmetic.com\/en\/wp-json\/wp\/v2\/product_brand?post=3932"},{"taxonomy":"product_cat","embeddable":true,"href":"https:\/\/biotifullcosmetic.com\/en\/wp-json\/wp\/v2\/product_cat?post=3932"},{"taxonomy":"product_tag","embeddable":true,"href":"https:\/\/biotifullcosmetic.com\/en\/wp-json\/wp\/v2\/product_tag?post=3932"}],"curies":[{"name":"wp","href":"https:\/\/api.w.org\/{rel}","templated":true}]}}