{"id":3934,"date":"2025-09-26T13:28:32","date_gmt":"2025-09-26T13:28:32","guid":{"rendered":"https:\/\/biotifullcosmetic.com\/?post_type=product&#038;p=3934"},"modified":"2026-04-23T15:36:16","modified_gmt":"2026-04-23T15:36:16","slug":"serum-visage-curacne","status":"publish","type":"product","link":"https:\/\/biotifullcosmetic.com\/en\/product\/serum-visage-curacne\/","title":{"rendered":"S\u00e9rum visage Curacn\u00e9"},"content":{"rendered":"<p><span data-sheets-root=\"1\">Con\u00e7u pour les peaux \u00e0 tendance acn\u00e9ique, le S\u00e9rum visage Curacn\u00e9 allie une texture l\u00e9g\u00e8re asiatique \u00e0 une approche respectueuse des \u00e9pidermes sensibles. Sa formule non com\u00e9dog\u00e8ne p\u00e9n\u00e8tre instantan\u00e9ment pour agir sur les imperfections sans compromettre l&rsquo;\u00e9quilibre hydrique de la peau. Chaque application pr\u00e9vient les brillances et unifie le teint dans le plus grand respect de la barri\u00e8re cutan\u00e9e.<\/span><\/p>\n<p>At the heart of its innovation, Panthenol deploys its exceptional soothing and regenerating virtues. A true reparative kiss for the skin, this multifunctional active works in synergy with purifying agents to calm redness, reduce irritation, and accelerate the recovery of compromised skin. Its intensive softening action prevents tightness while restoring the epidermis's suppleness.<\/p>\n<p>To perfect this comprehensive care, acids with gentle exfoliating properties and high-performance hydrating agents work to refine the skin's texture and regulate excess sebum. The melting texture leaves behind only a feeling of absolute comfort, revealing skin that is soothed, clarified, and visibly more resilient to aggressors.\n\nBy incorporating the CURACNE Serum into your skincare routine, you choose an effective solution for revealing perfect, luminous skin. Give your skin the care it deserves and transform each day into a new opportunity to shine<\/p>","protected":false},"excerpt":{"rendered":"<p><span data-sheets-root=\"1\">Le S\u00e9rum visage Curacn\u00e9 allie une texture l\u00e9g\u00e8re asiatique \u00e0 une approche respectueuse des \u00e9pidermes sensibles<\/span><\/p>","protected":false},"featured_media":6153,"comment_status":"open","ping_status":"closed","template":"","meta":{"om_disable_all_campaigns":false},"product_brand":[92],"product_cat":[40],"product_tag":[93,107],"class_list":{"0":"post-3934","1":"product","2":"type-product","3":"status-publish","4":"has-post-thumbnail","6":"product_brand-curacne","7":"product_cat-serum","8":"product_tag-acneique","9":"product_tag-curatif","11":"first","12":"instock","13":"shipping-taxable","14":"purchasable","15":"product-type-simple"},"aioseo_notices":[],"_links":{"self":[{"href":"https:\/\/biotifullcosmetic.com\/en\/wp-json\/wp\/v2\/product\/3934","targetHints":{"allow":["GET"]}}],"collection":[{"href":"https:\/\/biotifullcosmetic.com\/en\/wp-json\/wp\/v2\/product"}],"about":[{"href":"https:\/\/biotifullcosmetic.com\/en\/wp-json\/wp\/v2\/types\/product"}],"replies":[{"embeddable":true,"href":"https:\/\/biotifullcosmetic.com\/en\/wp-json\/wp\/v2\/comments?post=3934"}],"version-history":[{"count":5,"href":"https:\/\/biotifullcosmetic.com\/en\/wp-json\/wp\/v2\/product\/3934\/revisions"}],"predecessor-version":[{"id":5756,"href":"https:\/\/biotifullcosmetic.com\/en\/wp-json\/wp\/v2\/product\/3934\/revisions\/5756"}],"wp:featuredmedia":[{"embeddable":true,"href":"https:\/\/biotifullcosmetic.com\/en\/wp-json\/wp\/v2\/media\/6153"}],"wp:attachment":[{"href":"https:\/\/biotifullcosmetic.com\/en\/wp-json\/wp\/v2\/media?parent=3934"}],"wp:term":[{"taxonomy":"product_brand","embeddable":true,"href":"https:\/\/biotifullcosmetic.com\/en\/wp-json\/wp\/v2\/product_brand?post=3934"},{"taxonomy":"product_cat","embeddable":true,"href":"https:\/\/biotifullcosmetic.com\/en\/wp-json\/wp\/v2\/product_cat?post=3934"},{"taxonomy":"product_tag","embeddable":true,"href":"https:\/\/biotifullcosmetic.com\/en\/wp-json\/wp\/v2\/product_tag?post=3934"}],"curies":[{"name":"wp","href":"https:\/\/api.w.org\/{rel}","templated":true}]}}