{"id":3935,"date":"2025-09-26T14:17:28","date_gmt":"2025-09-26T14:17:28","guid":{"rendered":"https:\/\/biotifullcosmetic.com\/?post_type=product&#038;p=3935"},"modified":"2026-04-23T12:03:24","modified_gmt":"2026-04-23T12:03:24","slug":"coco-kiss","status":"publish","type":"product","link":"https:\/\/biotifullcosmetic.com\/en\/product\/coco-kiss\/","title":{"rendered":"Coco Kiss Lip Balm"},"content":{"rendered":"<p>Son r\u00f4le principal est d&rsquo;hydrater et de prot\u00e9ger les l\u00e8vres. Sa formule riche en agents hydratants, comme les beurres et huiles naturelles, aide \u00e0 pr\u00e9venir la s\u00e9cheresse et les ger\u00e7ures, tout en cr\u00e9ant une barri\u00e8re contre les agressions ext\u00e9rieures telles que le vent et le froid. Cette hydratation est essentielle pour maintenir des l\u00e8vres douces et souples.<\/p>\n<p>It doesn't just moisturise; it also provides a touch of natural colour. Thanks to pigments or reactive ingredients, the balm subtly adapts its tint based on your lips' pH, creating a flattering rosy effect that enhances your complexion. This delivers a fresh, natural look \u2013 perfect for daily wear without needing to apply lipstick.<\/p>\n<p>En plus de ses propri\u00e9t\u00e9s hydratantes et colorantes, ce baume \u00e0 l\u00e8vres contient des ingr\u00e9dients apaisants, comme l&rsquo;aloe vera ou la vitamine E. Ces composants aident \u00e0 calmer les irritations et \u00e0 favoriser la cicatrisation des l\u00e8vres ab\u00eem\u00e9es. Ainsi, il joue un r\u00f4le r\u00e9parateur, rendant les l\u00e8vres non seulement plus belles, mais aussi en meilleure sant\u00e9.<\/p>\n<p>It's a versatile product that combines hydration, protection, and a hint of colour. By incorporating this type of balm into your daily routine, you give your lips the care they deserve while providing a fresh, natural look. It's a must-have for anyone looking to maintain healthy, attractive lips.<\/p>","protected":false},"excerpt":{"rendered":"<p>Son r\u00f4le principal est d&rsquo;hydrater et de prot\u00e9ger les l\u00e8vres. Sa formule riche en agents hydratants, comme les beurres et huiles naturelles, aide \u00e0 pr\u00e9venir la s\u00e9cheresse et les ger\u00e7ures, tout en cr\u00e9ant une barri\u00e8re contre les agressions ext\u00e9rieures telles que le vent et le froid. Cette hydratation est essentielle pour maintenir des l\u00e8vres douces [&hellip;]<\/p>\n","protected":false},"featured_media":5190,"comment_status":"open","ping_status":"closed","template":"","meta":{"om_disable_all_campaigns":false},"product_brand":[],"product_cat":[50],"product_tag":[109],"class_list":{"0":"post-3935","1":"product","2":"type-product","3":"status-publish","4":"has-post-thumbnail","6":"product_cat-baumes-a-levres","7":"product_tag-levres-roses","9":"first","10":"instock","11":"purchasable","12":"product-type-simple"},"aioseo_notices":[],"_links":{"self":[{"href":"https:\/\/biotifullcosmetic.com\/en\/wp-json\/wp\/v2\/product\/3935","targetHints":{"allow":["GET"]}}],"collection":[{"href":"https:\/\/biotifullcosmetic.com\/en\/wp-json\/wp\/v2\/product"}],"about":[{"href":"https:\/\/biotifullcosmetic.com\/en\/wp-json\/wp\/v2\/types\/product"}],"replies":[{"embeddable":true,"href":"https:\/\/biotifullcosmetic.com\/en\/wp-json\/wp\/v2\/comments?post=3935"}],"version-history":[{"count":4,"href":"https:\/\/biotifullcosmetic.com\/en\/wp-json\/wp\/v2\/product\/3935\/revisions"}],"predecessor-version":[{"id":6074,"href":"https:\/\/biotifullcosmetic.com\/en\/wp-json\/wp\/v2\/product\/3935\/revisions\/6074"}],"wp:featuredmedia":[{"embeddable":true,"href":"https:\/\/biotifullcosmetic.com\/en\/wp-json\/wp\/v2\/media\/5190"}],"wp:attachment":[{"href":"https:\/\/biotifullcosmetic.com\/en\/wp-json\/wp\/v2\/media?parent=3935"}],"wp:term":[{"taxonomy":"product_brand","embeddable":true,"href":"https:\/\/biotifullcosmetic.com\/en\/wp-json\/wp\/v2\/product_brand?post=3935"},{"taxonomy":"product_cat","embeddable":true,"href":"https:\/\/biotifullcosmetic.com\/en\/wp-json\/wp\/v2\/product_cat?post=3935"},{"taxonomy":"product_tag","embeddable":true,"href":"https:\/\/biotifullcosmetic.com\/en\/wp-json\/wp\/v2\/product_tag?post=3935"}],"curies":[{"name":"wp","href":"https:\/\/api.w.org\/{rel}","templated":true}]}}