{"id":3936,"date":"2025-09-26T14:25:01","date_gmt":"2025-09-26T14:25:01","guid":{"rendered":"https:\/\/biotifullcosmetic.com\/?post_type=product&#038;p=3936"},"modified":"2026-04-15T08:26:55","modified_gmt":"2026-04-15T08:26:55","slug":"lotion-orporel-revialisant-perfect-day-clarimen","status":"publish","type":"product","link":"https:\/\/biotifullcosmetic.com\/en\/product\/lotion-orporel-revialisant-perfect-day-clarimen\/","title":{"rendered":"Lotion Corporelle Revitalisante Perfect Day Clarimen"},"content":{"rendered":"<p><span data-sheets-root=\"1\">Specially designed for men's skin, the Perfect Day Clarimen Revitalising Body Lotion combines the performance of a targeted treatment with the freshness of a daily gesture. Its lightweight, non-greasy texture absorbs instantly to tone, hydrate and even out the skin tone. Ideal for daily use, it prepares the skin to face the day with vitality and comfort, while restoring firmness and radiance.<\/span><\/p>\n<p>At the heart of its action, Alpha Arbutin stands out as an exceptional active ingredient, renowned for its efficacy in fading dark spots and unifying the skin tone. It works in synergy with hydrating and restructuring agents to reduce pigmentation irregularities and reveal a clearer, more even complexion. Its targeted action respects the skin's natural balance, delivering visible results without aggression.<\/p>\n<p>To complete this revitalising routine, carefully selected nourishing and antioxidant ingredients soothe, protect, and preserve the skin's elasticity. The skin is visibly firmer, smoother, and radiant with health\u2014ready to reveal its potential each day, with renewed clarity and vitality.<\/p>","protected":false},"excerpt":{"rendered":"<p><span data-sheets-root=\"1\">La Lotion Corporelle Revitalisante Perfect Day Clarimen allie la performance d&rsquo;un soin cibl\u00e9 \u00e0 la fra\u00eecheur d&rsquo;un geste quotidien.<\/span><\/p>","protected":false},"featured_media":5021,"comment_status":"open","ping_status":"closed","template":"","meta":{"om_disable_all_campaigns":false},"product_brand":[146],"product_cat":[136],"product_tag":[110],"class_list":{"0":"post-3936","1":"product","2":"type-product","3":"status-publish","4":"has-post-thumbnail","6":"product_brand-biotifull-men","7":"product_cat-lait-corporel-homme","8":"product_tag-repulpe","10":"first","11":"instock","12":"purchasable","13":"product-type-simple"},"aioseo_notices":[],"_links":{"self":[{"href":"https:\/\/biotifullcosmetic.com\/en\/wp-json\/wp\/v2\/product\/3936","targetHints":{"allow":["GET"]}}],"collection":[{"href":"https:\/\/biotifullcosmetic.com\/en\/wp-json\/wp\/v2\/product"}],"about":[{"href":"https:\/\/biotifullcosmetic.com\/en\/wp-json\/wp\/v2\/types\/product"}],"replies":[{"embeddable":true,"href":"https:\/\/biotifullcosmetic.com\/en\/wp-json\/wp\/v2\/comments?post=3936"}],"version-history":[{"count":4,"href":"https:\/\/biotifullcosmetic.com\/en\/wp-json\/wp\/v2\/product\/3936\/revisions"}],"predecessor-version":[{"id":6073,"href":"https:\/\/biotifullcosmetic.com\/en\/wp-json\/wp\/v2\/product\/3936\/revisions\/6073"}],"wp:featuredmedia":[{"embeddable":true,"href":"https:\/\/biotifullcosmetic.com\/en\/wp-json\/wp\/v2\/media\/5021"}],"wp:attachment":[{"href":"https:\/\/biotifullcosmetic.com\/en\/wp-json\/wp\/v2\/media?parent=3936"}],"wp:term":[{"taxonomy":"product_brand","embeddable":true,"href":"https:\/\/biotifullcosmetic.com\/en\/wp-json\/wp\/v2\/product_brand?post=3936"},{"taxonomy":"product_cat","embeddable":true,"href":"https:\/\/biotifullcosmetic.com\/en\/wp-json\/wp\/v2\/product_cat?post=3936"},{"taxonomy":"product_tag","embeddable":true,"href":"https:\/\/biotifullcosmetic.com\/en\/wp-json\/wp\/v2\/product_tag?post=3936"}],"curies":[{"name":"wp","href":"https:\/\/api.w.org\/{rel}","templated":true}]}}