{"id":5093,"date":"2025-10-23T17:09:14","date_gmt":"2025-10-23T17:09:14","guid":{"rendered":"https:\/\/biotifullcosmetic.com\/?post_type=product&#038;p=5093"},"modified":"2026-04-23T15:34:09","modified_gmt":"2026-04-23T15:34:09","slug":"creme-visage-jour-fairness","status":"publish","type":"product","link":"https:\/\/biotifullcosmetic.com\/en\/product\/creme-visage-jour-fairness\/","title":{"rendered":"Fairness Cr\u00e8me Visage Jour"},"content":{"rendered":"<p><span data-sheets-root=\"1\">Fairness Cr\u00e8me Visage Jour allie l&rsquo;exigence d&rsquo;un soin hydratant \u00e0 la l\u00e9g\u00e8ret\u00e9 d&rsquo;un produit de texture confortable et rapidement absorb\u00e9e. Sa formule non grasse, enrichie en agents hydratants et protecteurs, pr\u00e9pare la peau \u00e0 affronter les agressions quotidiennes tout en travaillant discr\u00e8tement \u00e0 l&rsquo;unification du teint. Elle laisse la peau douce, souple et imm\u00e9diatement plus lumineuse.<\/span><\/p>\n<p>Its signature ingredient, hyaluronic acid, acts as a true hydration reservoir\u2014both on the surface and deep within the skin. Capable of holding up to 1,000 times its weight in water, it works in synergy with nourishing and brightening actives to smooth fine lines, fade irregularities, and revive the complexion's radiance. Its action helps the skin maintain an optimal level of hydration throughout the day.<\/p>\n<p>To complete this brightening routine, repairing and protective agents work to strengthen the skin's barrier and prevent damage from free radicals. The skin is visibly firmer, more even-toned, and radiant with health. Each morning, this cream becomes the essential partner for a fresh, protected complexion.<\/p>","protected":false},"excerpt":{"rendered":"<p><span data-sheets-root=\"1\">Fairness Cr\u00e8me Visage Jour allie l&rsquo;exigence d&rsquo;un soin hydratant \u00e0 la l\u00e9g\u00e8ret\u00e9 d&rsquo;un produit de texture confortable et rapidement absorb\u00e9e.<\/span><\/p>","protected":false},"featured_media":6530,"comment_status":"open","ping_status":"closed","template":"","meta":{"om_disable_all_campaigns":false},"product_brand":[91],"product_cat":[38],"product_tag":[151],"class_list":{"0":"post-5093","1":"product","2":"type-product","3":"status-publish","4":"has-post-thumbnail","6":"product_brand-fairness","7":"product_cat-creme-jour","8":"product_tag-hydrater","10":"first","11":"instock","12":"shipping-taxable","13":"purchasable","14":"product-type-simple"},"aioseo_notices":[],"_links":{"self":[{"href":"https:\/\/biotifullcosmetic.com\/en\/wp-json\/wp\/v2\/product\/5093","targetHints":{"allow":["GET"]}}],"collection":[{"href":"https:\/\/biotifullcosmetic.com\/en\/wp-json\/wp\/v2\/product"}],"about":[{"href":"https:\/\/biotifullcosmetic.com\/en\/wp-json\/wp\/v2\/types\/product"}],"replies":[{"embeddable":true,"href":"https:\/\/biotifullcosmetic.com\/en\/wp-json\/wp\/v2\/comments?post=5093"}],"version-history":[{"count":3,"href":"https:\/\/biotifullcosmetic.com\/en\/wp-json\/wp\/v2\/product\/5093\/revisions"}],"predecessor-version":[{"id":5755,"href":"https:\/\/biotifullcosmetic.com\/en\/wp-json\/wp\/v2\/product\/5093\/revisions\/5755"}],"wp:featuredmedia":[{"embeddable":true,"href":"https:\/\/biotifullcosmetic.com\/en\/wp-json\/wp\/v2\/media\/6530"}],"wp:attachment":[{"href":"https:\/\/biotifullcosmetic.com\/en\/wp-json\/wp\/v2\/media?parent=5093"}],"wp:term":[{"taxonomy":"product_brand","embeddable":true,"href":"https:\/\/biotifullcosmetic.com\/en\/wp-json\/wp\/v2\/product_brand?post=5093"},{"taxonomy":"product_cat","embeddable":true,"href":"https:\/\/biotifullcosmetic.com\/en\/wp-json\/wp\/v2\/product_cat?post=5093"},{"taxonomy":"product_tag","embeddable":true,"href":"https:\/\/biotifullcosmetic.com\/en\/wp-json\/wp\/v2\/product_tag?post=5093"}],"curies":[{"name":"wp","href":"https:\/\/api.w.org\/{rel}","templated":true}]}}