{"id":6551,"date":"2026-01-14T17:02:32","date_gmt":"2026-01-14T17:02:32","guid":{"rendered":"https:\/\/biotifullcosmetic.com\/?post_type=product&#038;p=6551"},"modified":"2026-04-15T08:21:55","modified_gmt":"2026-04-15T08:21:55","slug":"gamme-fairness","status":"publish","type":"product","link":"https:\/\/biotifullcosmetic.com\/en\/product\/gamme-fairness\/","title":{"rendered":"FAIRNESS RANGE"},"content":{"rendered":"<p>La gamme Fairness de Biotifull Cosmetic r\u00e9v\u00e8le l\u2019\u00e9clat naturel de votre peau gr\u00e2ce \u00e0 des actifs \u00e9claircissants puissants. Elle cible les taches, unifie le teint et apporte une luminosit\u00e9 progressive pour un teint radieux et uniforme.<\/p>\n<p>Elle\u00a0 a \u00e9t\u00e9 con\u00e7ue pour r\u00e9v\u00e9ler toute la luminosit\u00e9 naturelle de la peau africaine. Gr\u00e2ce \u00e0 une combinaison unique d\u2019actifs \u00e9claircissants et r\u00e9parateurs (Vitamine C, alpha-arbutine, allanto\u00efne\u2026), elle agit en douceur pour r\u00e9duire les taches pigmentaires, uniformiser le teint et apporter un \u00e9clat progressif et durable.<\/p>\n<p>Avec la gamme Fairness, Biotifull Cosmetic offre un rituel complet qui combine soin, \u00e9clat et uniformit\u00e9 pour une peau radieuse, \u00e9clatante de beaut\u00e9 et de confiance.<\/p>","protected":false},"excerpt":{"rendered":"<p>La gamme Fairness de Biotifull Cosmetic r\u00e9v\u00e8le l\u2019\u00e9clat naturel de votre peau gr\u00e2ce \u00e0 des actifs \u00e9claircissants puissants. Elle cible les taches, unifie le teint et apporte une luminosit\u00e9 progressive pour un teint radieux et uniforme.<\/p>","protected":false},"featured_media":6552,"comment_status":"open","ping_status":"closed","template":"","meta":{"om_disable_all_campaigns":false},"product_brand":[91],"product_cat":[150],"product_tag":[],"class_list":{"0":"post-6551","1":"product","2":"type-product","3":"status-publish","4":"has-post-thumbnail","6":"product_brand-fairness","7":"product_cat-gamme","9":"first","10":"outofstock","11":"purchasable","12":"product-type-simple"},"aioseo_notices":[],"_links":{"self":[{"href":"https:\/\/biotifullcosmetic.com\/en\/wp-json\/wp\/v2\/product\/6551","targetHints":{"allow":["GET"]}}],"collection":[{"href":"https:\/\/biotifullcosmetic.com\/en\/wp-json\/wp\/v2\/product"}],"about":[{"href":"https:\/\/biotifullcosmetic.com\/en\/wp-json\/wp\/v2\/types\/product"}],"replies":[{"embeddable":true,"href":"https:\/\/biotifullcosmetic.com\/en\/wp-json\/wp\/v2\/comments?post=6551"}],"version-history":[{"count":2,"href":"https:\/\/biotifullcosmetic.com\/en\/wp-json\/wp\/v2\/product\/6551\/revisions"}],"predecessor-version":[{"id":6603,"href":"https:\/\/biotifullcosmetic.com\/en\/wp-json\/wp\/v2\/product\/6551\/revisions\/6603"}],"wp:featuredmedia":[{"embeddable":true,"href":"https:\/\/biotifullcosmetic.com\/en\/wp-json\/wp\/v2\/media\/6552"}],"wp:attachment":[{"href":"https:\/\/biotifullcosmetic.com\/en\/wp-json\/wp\/v2\/media?parent=6551"}],"wp:term":[{"taxonomy":"product_brand","embeddable":true,"href":"https:\/\/biotifullcosmetic.com\/en\/wp-json\/wp\/v2\/product_brand?post=6551"},{"taxonomy":"product_cat","embeddable":true,"href":"https:\/\/biotifullcosmetic.com\/en\/wp-json\/wp\/v2\/product_cat?post=6551"},{"taxonomy":"product_tag","embeddable":true,"href":"https:\/\/biotifullcosmetic.com\/en\/wp-json\/wp\/v2\/product_tag?post=6551"}],"curies":[{"name":"wp","href":"https:\/\/api.w.org\/{rel}","templated":true}]}}