{"id":6972,"date":"2026-05-06T12:50:29","date_gmt":"2026-05-06T12:50:29","guid":{"rendered":"https:\/\/biotifullcosmetic.com\/?post_type=product&#038;p=6972"},"modified":"2026-05-09T11:04:46","modified_gmt":"2026-05-09T11:04:46","slug":"lait-corporel-hydratant-h1","status":"publish","type":"product","link":"https:\/\/biotifullcosmetic.com\/en\/products\/lait-corporel-hydratant-h1\/","title":{"rendered":"Lait corporel hydratant H1"},"content":{"rendered":"<p>Ce lait corporel hydratant a \u00e9t\u00e9 sp\u00e9cialement formul\u00e9 pour r\u00e9pondre aux besoins des peaux s\u00e8ches et d\u00e9shydrat\u00e9es, en manque d\u2019eau, de confort et de souplesse. Sa texture l\u00e9g\u00e8re \u00e0 absorption rapide p\u00e9n\u00e8tre instantan\u00e9ment la peau pour lui apporter une hydratation intense, imm\u00e9diate et durable, sans laisser de film gras. V\u00e9ritable bain d\u2019hydratation quotidien, il aide la peau \u00e0 retrouver son \u00e9quilibre naturel en reconstituant ses r\u00e9serves en eau. D\u00e8s l\u2019application, les sensations de tiraillement s\u2019estompent, la peau est plus douce, plus souple et visiblement revitalis\u00e9e. Jour apr\u00e8s jour, elle para\u00eet plus lisse, plus confortable et \u00e9clatante de sant\u00e9.<\/p>\n<p>Cibles: Peaux fragilis\u00e9es par les agressions ext\u00e9rieures telles que le soleil, le vent, le froid, la climatisation, l\u2019eau calcaire ou les douches fr\u00e9quentes.<\/p>","protected":false},"excerpt":{"rendered":"<p>Le lait corporel hydratant H1 a \u00e9t\u00e9 sp\u00e9cialement formul\u00e9 pour r\u00e9pondre aux besoins des peaux s\u00e8ches et d\u00e9shydrat\u00e9es, en manque d\u2019eau, de confort et de souplesse<\/p>","protected":false},"featured_media":7029,"comment_status":"open","ping_status":"closed","template":"","meta":{"om_disable_all_campaigns":false},"product_brand":[152],"product_cat":[48],"product_tag":[],"class_list":{"0":"post-6972","1":"product","2":"type-product","3":"status-publish","4":"has-post-thumbnail","6":"product_brand-h","7":"product_cat-lait-corporel","9":"first","10":"instock","11":"shipping-taxable","12":"purchasable","13":"product-type-simple"},"aioseo_notices":[],"_links":{"self":[{"href":"https:\/\/biotifullcosmetic.com\/en\/wp-json\/wp\/v2\/product\/6972","targetHints":{"allow":["GET"]}}],"collection":[{"href":"https:\/\/biotifullcosmetic.com\/en\/wp-json\/wp\/v2\/product"}],"about":[{"href":"https:\/\/biotifullcosmetic.com\/en\/wp-json\/wp\/v2\/types\/product"}],"replies":[{"embeddable":true,"href":"https:\/\/biotifullcosmetic.com\/en\/wp-json\/wp\/v2\/comments?post=6972"}],"version-history":[{"count":1,"href":"https:\/\/biotifullcosmetic.com\/en\/wp-json\/wp\/v2\/product\/6972\/revisions"}],"predecessor-version":[{"id":6977,"href":"https:\/\/biotifullcosmetic.com\/en\/wp-json\/wp\/v2\/product\/6972\/revisions\/6977"}],"wp:featuredmedia":[{"embeddable":true,"href":"https:\/\/biotifullcosmetic.com\/en\/wp-json\/wp\/v2\/media\/7029"}],"wp:attachment":[{"href":"https:\/\/biotifullcosmetic.com\/en\/wp-json\/wp\/v2\/media?parent=6972"}],"wp:term":[{"taxonomy":"product_brand","embeddable":true,"href":"https:\/\/biotifullcosmetic.com\/en\/wp-json\/wp\/v2\/product_brand?post=6972"},{"taxonomy":"product_cat","embeddable":true,"href":"https:\/\/biotifullcosmetic.com\/en\/wp-json\/wp\/v2\/product_cat?post=6972"},{"taxonomy":"product_tag","embeddable":true,"href":"https:\/\/biotifullcosmetic.com\/en\/wp-json\/wp\/v2\/product_tag?post=6972"}],"curies":[{"name":"wp","href":"https:\/\/api.w.org\/{rel}","templated":true}]}}