{"id":6988,"date":"2026-05-07T12:49:33","date_gmt":"2026-05-07T12:49:33","guid":{"rendered":"https:\/\/biotifullcosmetic.com\/?post_type=product&#038;p=6988"},"modified":"2026-05-13T17:09:20","modified_gmt":"2026-05-13T17:09:20","slug":"lait-corporel-hydratant-h2","status":"publish","type":"product","link":"https:\/\/biotifullcosmetic.com\/en\/products\/lait-corporel-hydratant-h2\/","title":{"rendered":"Lait corporel hydratant H2"},"content":{"rendered":"<p>Avec le temps, la peau perd sa fermet\u00e9, son \u00e9lasticit\u00e9 et sa capacit\u00e9 naturelle \u00e0 retrouver sa forme. Ce lait corporel hydratant H2 a \u00e9t\u00e9 sp\u00e9cialement formul\u00e9 pour r\u00e9pondre aux besoins des peaux en manque de tonus et de vitalit\u00e9.<br \/>\nBien plus qu\u2019un simple hydratant, il agit comme un v\u00e9ritable architecte cutan\u00e9. Sa formule innovante stimule les cellules de la peau et aide \u00e0 renforcer sa structure interne. La Vitamine E, puissant antioxydant, prot\u00e8ge les fibres de collag\u00e8ne des agressions responsables du vieillissement pr\u00e9matur\u00e9, tandis que la Pro-Vitamine B5 (Panth\u00e9nol) soutient la r\u00e9g\u00e9n\u00e9ration cutan\u00e9e et restaure la barri\u00e8re protectrice de la peau.<br \/>\nLes zones sujettes au rel\u00e2chement \u2013 bras, cuisses, ventre \u2013 retrouvent maintien, galbe et fermet\u00e9.<\/p>\n<p>Cible: Peaux rel\u00e2ch\u00e9es, en perte de densit\u00e9, li\u00e9es \u00e0 l\u2019\u00e2ge, aux variations de poids ou \u00e0 la maternit\u00e9.<\/p>","protected":false},"excerpt":{"rendered":"<p>Le lait corporel hydratant H2 a \u00e9t\u00e9 sp\u00e9cialement formul\u00e9 pour r\u00e9pondre aux besoins des peaux en manque de tonus et de vitalit\u00e9.<\/p>","protected":false},"featured_media":7027,"comment_status":"open","ping_status":"closed","template":"","meta":{"om_disable_all_campaigns":false},"product_brand":[152],"product_cat":[48],"product_tag":[],"class_list":{"0":"post-6988","1":"product","2":"type-product","3":"status-publish","4":"has-post-thumbnail","6":"product_brand-h","7":"product_cat-lait-corporel","9":"first","10":"instock","11":"shipping-taxable","12":"purchasable","13":"product-type-simple"},"aioseo_notices":[],"_links":{"self":[{"href":"https:\/\/biotifullcosmetic.com\/en\/wp-json\/wp\/v2\/product\/6988","targetHints":{"allow":["GET"]}}],"collection":[{"href":"https:\/\/biotifullcosmetic.com\/en\/wp-json\/wp\/v2\/product"}],"about":[{"href":"https:\/\/biotifullcosmetic.com\/en\/wp-json\/wp\/v2\/types\/product"}],"replies":[{"embeddable":true,"href":"https:\/\/biotifullcosmetic.com\/en\/wp-json\/wp\/v2\/comments?post=6988"}],"version-history":[{"count":2,"href":"https:\/\/biotifullcosmetic.com\/en\/wp-json\/wp\/v2\/product\/6988\/revisions"}],"predecessor-version":[{"id":6994,"href":"https:\/\/biotifullcosmetic.com\/en\/wp-json\/wp\/v2\/product\/6988\/revisions\/6994"}],"wp:featuredmedia":[{"embeddable":true,"href":"https:\/\/biotifullcosmetic.com\/en\/wp-json\/wp\/v2\/media\/7027"}],"wp:attachment":[{"href":"https:\/\/biotifullcosmetic.com\/en\/wp-json\/wp\/v2\/media?parent=6988"}],"wp:term":[{"taxonomy":"product_brand","embeddable":true,"href":"https:\/\/biotifullcosmetic.com\/en\/wp-json\/wp\/v2\/product_brand?post=6988"},{"taxonomy":"product_cat","embeddable":true,"href":"https:\/\/biotifullcosmetic.com\/en\/wp-json\/wp\/v2\/product_cat?post=6988"},{"taxonomy":"product_tag","embeddable":true,"href":"https:\/\/biotifullcosmetic.com\/en\/wp-json\/wp\/v2\/product_tag?post=6988"}],"curies":[{"name":"wp","href":"https:\/\/api.w.org\/{rel}","templated":true}]}}