{"id":6995,"date":"2026-05-07T15:07:06","date_gmt":"2026-05-07T15:07:06","guid":{"rendered":"https:\/\/biotifullcosmetic.com\/?post_type=product&#038;p=6995"},"modified":"2026-05-07T16:31:03","modified_gmt":"2026-05-07T16:31:03","slug":"lait-corporel-hydratant-h3","status":"publish","type":"product","link":"https:\/\/biotifullcosmetic.com\/en\/products\/lait-corporel-hydratant-h3\/","title":{"rendered":"Lait corporel hydratant H3"},"content":{"rendered":"<p>Le lait corporel hydratant H3 ultra-doux a \u00e9t\u00e9 con\u00e7u pour apporter une r\u00e9ponse imm\u00e9diate aux peaux sensibles et r\u00e9actives. Il apaise instantan\u00e9ment les sensations d\u2019inconfort tout en offrant une hydratation essentielle et durable.<br \/>\nV\u00e9ritable soin de secours pour les \u00e9pidermes fragilis\u00e9s, il aide \u00e0 reconstruire le film hydrolipidique afin d\u2019isoler la peau des agressions quotidiennes. Son complexe lipidique biomim\u00e9tique imite la structure naturelle de la peau pour une assimilation optimale, sans irritation. La peau est imm\u00e9diatement apais\u00e9e, ne tiraille plus et retrouve souplesse, douceur et r\u00e9sistance, comme prot\u00e9g\u00e9e par un voile invisible.<\/p>\n<p>Cible: Peaux sujettes aux tiraillements, \u00e9chauffements, rougeurs et agressions ext\u00e9rieures (froid, calcaire, pollution).<\/p>","protected":false},"excerpt":{"rendered":"<p>Le lait corporel hydratant H3 ultra-doux a \u00e9t\u00e9 con\u00e7u pour apporter une r\u00e9ponse imm\u00e9diate aux peaux sensibles et r\u00e9actives.<\/p>","protected":false},"featured_media":6996,"comment_status":"open","ping_status":"closed","template":"","meta":{"om_disable_all_campaigns":false},"product_brand":[152],"product_cat":[48],"product_tag":[],"class_list":{"0":"post-6995","1":"product","2":"type-product","3":"status-publish","4":"has-post-thumbnail","6":"product_brand-h","7":"product_cat-lait-corporel","9":"first","10":"instock","11":"shipping-taxable","12":"purchasable","13":"product-type-simple"},"aioseo_notices":[],"_links":{"self":[{"href":"https:\/\/biotifullcosmetic.com\/en\/wp-json\/wp\/v2\/product\/6995","targetHints":{"allow":["GET"]}}],"collection":[{"href":"https:\/\/biotifullcosmetic.com\/en\/wp-json\/wp\/v2\/product"}],"about":[{"href":"https:\/\/biotifullcosmetic.com\/en\/wp-json\/wp\/v2\/types\/product"}],"replies":[{"embeddable":true,"href":"https:\/\/biotifullcosmetic.com\/en\/wp-json\/wp\/v2\/comments?post=6995"}],"version-history":[{"count":1,"href":"https:\/\/biotifullcosmetic.com\/en\/wp-json\/wp\/v2\/product\/6995\/revisions"}],"predecessor-version":[{"id":6999,"href":"https:\/\/biotifullcosmetic.com\/en\/wp-json\/wp\/v2\/product\/6995\/revisions\/6999"}],"wp:featuredmedia":[{"embeddable":true,"href":"https:\/\/biotifullcosmetic.com\/en\/wp-json\/wp\/v2\/media\/6996"}],"wp:attachment":[{"href":"https:\/\/biotifullcosmetic.com\/en\/wp-json\/wp\/v2\/media?parent=6995"}],"wp:term":[{"taxonomy":"product_brand","embeddable":true,"href":"https:\/\/biotifullcosmetic.com\/en\/wp-json\/wp\/v2\/product_brand?post=6995"},{"taxonomy":"product_cat","embeddable":true,"href":"https:\/\/biotifullcosmetic.com\/en\/wp-json\/wp\/v2\/product_cat?post=6995"},{"taxonomy":"product_tag","embeddable":true,"href":"https:\/\/biotifullcosmetic.com\/en\/wp-json\/wp\/v2\/product_tag?post=6995"}],"curies":[{"name":"wp","href":"https:\/\/api.w.org\/{rel}","templated":true}]}}