{"id":7000,"date":"2026-05-07T16:28:27","date_gmt":"2026-05-07T16:28:27","guid":{"rendered":"https:\/\/biotifullcosmetic.com\/?post_type=product&#038;p=7000"},"modified":"2026-05-07T16:28:27","modified_gmt":"2026-05-07T16:28:27","slug":"gant-exfoliant-lourd","status":"publish","type":"product","link":"https:\/\/biotifullcosmetic.com\/en\/products\/gant-exfoliant-lourd\/","title":{"rendered":"Gant exfoliant lourd"},"content":{"rendered":"<p>Le gant exfoliant lourd de Biotifull Cosmetic est un accessoire de base dans votre routine de beaut\u00e9, il a pour objectif de rendre votre peau propre et rafra\u00eechie. Il est fournit avec une pi\u00e8ce suppl\u00e9mentaire. Ses actions sont les suivantes:<\/p>\n<ul>\n<li>\u00c9limine les cellules mortes<\/li>\n<li>Active la circulation sanguine<\/li>\n<li>Mousse riche, nettoyage en profondeur<\/li>\n<li>Lisse et unifie le teint<\/li>\n<\/ul>","protected":false},"excerpt":{"rendered":"<p>Le gant exfoliant lourd de Biotifull Cosmetic est un accessoire de base dans votre routine de beaut\u00e9, il a pour objectif de rendre votre peau propre et rafra\u00eechie.<\/p>","protected":false},"featured_media":7001,"comment_status":"open","ping_status":"closed","template":"","meta":{"om_disable_all_campaigns":false},"product_brand":[],"product_cat":[153],"product_tag":[],"class_list":{"0":"post-7000","1":"product","2":"type-product","3":"status-publish","4":"has-post-thumbnail","6":"product_cat-accessoires","8":"first","9":"instock","10":"shipping-taxable","11":"purchasable","12":"product-type-simple"},"aioseo_notices":[],"_links":{"self":[{"href":"https:\/\/biotifullcosmetic.com\/en\/wp-json\/wp\/v2\/product\/7000","targetHints":{"allow":["GET"]}}],"collection":[{"href":"https:\/\/biotifullcosmetic.com\/en\/wp-json\/wp\/v2\/product"}],"about":[{"href":"https:\/\/biotifullcosmetic.com\/en\/wp-json\/wp\/v2\/types\/product"}],"replies":[{"embeddable":true,"href":"https:\/\/biotifullcosmetic.com\/en\/wp-json\/wp\/v2\/comments?post=7000"}],"version-history":[{"count":1,"href":"https:\/\/biotifullcosmetic.com\/en\/wp-json\/wp\/v2\/product\/7000\/revisions"}],"predecessor-version":[{"id":7002,"href":"https:\/\/biotifullcosmetic.com\/en\/wp-json\/wp\/v2\/product\/7000\/revisions\/7002"}],"wp:featuredmedia":[{"embeddable":true,"href":"https:\/\/biotifullcosmetic.com\/en\/wp-json\/wp\/v2\/media\/7001"}],"wp:attachment":[{"href":"https:\/\/biotifullcosmetic.com\/en\/wp-json\/wp\/v2\/media?parent=7000"}],"wp:term":[{"taxonomy":"product_brand","embeddable":true,"href":"https:\/\/biotifullcosmetic.com\/en\/wp-json\/wp\/v2\/product_brand?post=7000"},{"taxonomy":"product_cat","embeddable":true,"href":"https:\/\/biotifullcosmetic.com\/en\/wp-json\/wp\/v2\/product_cat?post=7000"},{"taxonomy":"product_tag","embeddable":true,"href":"https:\/\/biotifullcosmetic.com\/en\/wp-json\/wp\/v2\/product_tag?post=7000"}],"curies":[{"name":"wp","href":"https:\/\/api.w.org\/{rel}","templated":true}]}}