{"id":7003,"date":"2026-05-07T16:43:03","date_gmt":"2026-05-07T16:43:03","guid":{"rendered":"https:\/\/biotifullcosmetic.com\/?post_type=product&#038;p=7003"},"modified":"2026-05-07T16:43:03","modified_gmt":"2026-05-07T16:43:03","slug":"gant-exfoliant-kessa","status":"publish","type":"product","link":"https:\/\/biotifullcosmetic.com\/en\/products\/gant-exfoliant-kessa\/","title":{"rendered":"Gant exfoliant KESSA"},"content":{"rendered":"<p>Le gant exfoliant KESSA est un tissu \u00e9cologique ultra volumineux et ultra r\u00e9sistant (r\u00e9utilisable et durable) fabriqu\u00e9 \u00e0 partir de tissu v\u00e9g\u00e9tal et 100% de viscose. Il a pour objectif de :<\/p>\n<ul>\n<li>\u00c9liminer les cellules mortes<\/li>\n<li>Am\u00e9liorer la circulation sanguine<\/li>\n<li>R\u00e9v\u00e9ler une peau \u00e9clatante<\/li>\n<\/ul>\n<p>Il convient \u00e0 tous les types de peaux.<\/p>","protected":false},"excerpt":{"rendered":"<p>Le gant exfoliant KESSA est un tissu \u00e9cologique ultra volumineux et ultra r\u00e9sistant (r\u00e9utilisable et durable) fabriqu\u00e9 \u00e0 partir de tissu v\u00e9g\u00e9tal et 100% de viscose<\/p>","protected":false},"featured_media":7005,"comment_status":"open","ping_status":"closed","template":"","meta":{"om_disable_all_campaigns":false},"product_brand":[],"product_cat":[153],"product_tag":[],"class_list":{"0":"post-7003","1":"product","2":"type-product","3":"status-publish","4":"has-post-thumbnail","6":"product_cat-accessoires","8":"first","9":"instock","10":"shipping-taxable","11":"purchasable","12":"product-type-simple"},"aioseo_notices":[],"_links":{"self":[{"href":"https:\/\/biotifullcosmetic.com\/en\/wp-json\/wp\/v2\/product\/7003","targetHints":{"allow":["GET"]}}],"collection":[{"href":"https:\/\/biotifullcosmetic.com\/en\/wp-json\/wp\/v2\/product"}],"about":[{"href":"https:\/\/biotifullcosmetic.com\/en\/wp-json\/wp\/v2\/types\/product"}],"replies":[{"embeddable":true,"href":"https:\/\/biotifullcosmetic.com\/en\/wp-json\/wp\/v2\/comments?post=7003"}],"version-history":[{"count":1,"href":"https:\/\/biotifullcosmetic.com\/en\/wp-json\/wp\/v2\/product\/7003\/revisions"}],"predecessor-version":[{"id":7006,"href":"https:\/\/biotifullcosmetic.com\/en\/wp-json\/wp\/v2\/product\/7003\/revisions\/7006"}],"wp:featuredmedia":[{"embeddable":true,"href":"https:\/\/biotifullcosmetic.com\/en\/wp-json\/wp\/v2\/media\/7005"}],"wp:attachment":[{"href":"https:\/\/biotifullcosmetic.com\/en\/wp-json\/wp\/v2\/media?parent=7003"}],"wp:term":[{"taxonomy":"product_brand","embeddable":true,"href":"https:\/\/biotifullcosmetic.com\/en\/wp-json\/wp\/v2\/product_brand?post=7003"},{"taxonomy":"product_cat","embeddable":true,"href":"https:\/\/biotifullcosmetic.com\/en\/wp-json\/wp\/v2\/product_cat?post=7003"},{"taxonomy":"product_tag","embeddable":true,"href":"https:\/\/biotifullcosmetic.com\/en\/wp-json\/wp\/v2\/product_tag?post=7003"}],"curies":[{"name":"wp","href":"https:\/\/api.w.org\/{rel}","templated":true}]}}